{"id":229,"date":"2025-11-18T01:38:55","date_gmt":"2025-11-18T01:38:55","guid":{"rendered":"https:\/\/preciseworksplus.com\/?page_id=229"},"modified":"2025-11-29T06:09:55","modified_gmt":"2025-11-29T06:09:55","slug":"troquel-de-estampado","status":"publish","type":"page","link":"https:\/\/preciseworksplus.com\/es\/servicios-de-productos\/troquel-de-estampado\/","title":{"rendered":"Matriz de estampado"},"content":{"rendered":"<div data-elementor-type=\"wp-page\" data-elementor-id=\"229\" class=\"elementor elementor-229\" data-elementor-post-type=\"page\">\n\t\t\t\t<div class=\"elementor-element elementor-element-e775805 e-flex e-con-boxed e-con e-parent\" data-id=\"e775805\" data-element_type=\"container\" data-e-type=\"container\">\n\t\t\t\t\t<div class=\"e-con-inner\">\n\t\t<div class=\"elementor-element elementor-element-8e6d73c e-con-full e-flex e-con e-child\" data-id=\"8e6d73c\" data-element_type=\"container\" data-e-type=\"container\">\n\t\t<div class=\"elementor-element elementor-element-7c4e2d8 e-con-full e-flex e-con e-child\" data-id=\"7c4e2d8\" data-element_type=\"container\" data-e-type=\"container\">\n\t\t\t\t<div class=\"elementor-element elementor-element-298759b elementor-widget elementor-widget-heading\" data-id=\"298759b\" data-element_type=\"widget\" data-e-type=\"widget\" data-widget_type=\"heading.default\">\n\t\t\t\t\t<h5 class=\"elementor-heading-title elementor-size-default\">Matriz de estampado<\/h5>\t\t\t\t<\/div>\n\t\t\t\t<div class=\"elementor-element elementor-element-c868a73 elementor-widget elementor-widget-heading\" data-id=\"c868a73\" data-element_type=\"widget\" data-e-type=\"widget\" data-widget_type=\"heading.default\">\n\t\t\t\t\t<h2 class=\"elementor-heading-title elementor-size-default\">Las herramientas en nuestro n\u00facleo<\/h2>\t\t\t\t<\/div>\n\t\t\t\t<div class=\"elementor-element elementor-element-55500da elementor-widget elementor-widget-image\" data-id=\"55500da\" data-element_type=\"widget\" data-e-type=\"widget\" data-widget_type=\"image.default\">\n\t\t\t\t\t\t\t\t\t\t\t\t\t\t\t<img fetchpriority=\"high\" decoding=\"async\" width=\"800\" height=\"600\" src=\"https:\/\/preciseworksplus.com\/wp-content\/uploads\/2025\/11\/IMG20230705184303-1024x768.webp\" class=\"attachment-large size-large wp-image-268\" alt=\"demostrar la capacidad de producci\u00f3n de estampado preciso\" srcset=\"https:\/\/preciseworksplus.com\/wp-content\/uploads\/2025\/11\/IMG20230705184303-1024x768.webp 1024w, https:\/\/preciseworksplus.com\/wp-content\/uploads\/2025\/11\/IMG20230705184303-300x225.webp 300w, https:\/\/preciseworksplus.com\/wp-content\/uploads\/2025\/11\/IMG20230705184303-768x576.webp 768w, https:\/\/preciseworksplus.com\/wp-content\/uploads\/2025\/11\/IMG20230705184303-1536x1152.webp 1536w, https:\/\/preciseworksplus.com\/wp-content\/uploads\/2025\/11\/IMG20230705184303-scaled.webp 1920w\" sizes=\"(max-width: 800px) 100vw, 800px\" \/>\t\t\t\t\t\t\t\t\t\t\t\t\t\t\t<\/div>\n\t\t\t\t<\/div>\n\t\t<div class=\"elementor-element elementor-element-5b4ff83 e-con-full e-flex e-con e-child\" data-id=\"5b4ff83\" data-element_type=\"container\" data-e-type=\"container\">\n\t\t\t\t<div class=\"elementor-element elementor-element-aa2edb0 elementor-widget elementor-widget-text-editor\" data-id=\"aa2edb0\" data-element_type=\"widget\" data-e-type=\"widget\" data-widget_type=\"text-editor.default\">\n\t\t\t\t\t\t\t\t\t<p>En Precise Works Plus, ofrecemos la respuesta a sus necesidades: \u00a1con el concepto de herramienta adecuado para los requisitos que usted espera! La clave de esto reside en nuestra operaci\u00f3n interna de fabricaci\u00f3n de herramientas, nuestros dise\u00f1adores con amplia experiencia y nuestros procesos de producci\u00f3n de \u00faltima generaci\u00f3n, que garantizan la m\u00e1xima calidad y precisi\u00f3n, tanto para herramientas complejas y totalmente autom\u00e1ticas de producci\u00f3n en serie como para herramientas auxiliares sencillas.<\/p>\t\t\t\t\t\t\t\t<\/div>\n\t\t\t\t<div class=\"elementor-element elementor-element-61b1192 elementor-icon-list--layout-traditional elementor-list-item-link-full_width elementor-widget elementor-widget-icon-list\" data-id=\"61b1192\" data-element_type=\"widget\" data-e-type=\"widget\" data-widget_type=\"icon-list.default\">\n\t\t\t\t\t\t\t<ul class=\"elementor-icon-list-items\">\n\t\t\t\t\t\t\t<li class=\"elementor-icon-list-item\">\n\t\t\t\t\t\t\t\t\t\t\t<span class=\"elementor-icon-list-icon\">\n\t\t\t\t\t\t\t<svg aria-hidden=\"true\" class=\"e-font-icon-svg e-fas-circle\" viewbox=\"0 0 512 512\" xmlns=\"http:\/\/www.w3.org\/2000\/svg\"><path d=\"M256 8C119 8 8 119 8 256s111 248 248 248 248-111 248-248S393 8 256 8z\"><\/path><\/svg>\t\t\t\t\t\t<\/span>\n\t\t\t\t\t\t\t\t\t\t<span class=\"elementor-icon-list-text\">Experiencia: especializaci\u00f3n en troqueles de estampado progresivo de precisi\u00f3n utilizados para conectores, interruptores, sensores, barras colectoras...<\/span>\n\t\t\t\t\t\t\t\t\t<\/li>\n\t\t\t\t\t\t\t\t<li class=\"elementor-icon-list-item\">\n\t\t\t\t\t\t\t\t\t\t\t<span class=\"elementor-icon-list-icon\">\n\t\t\t\t\t\t\t<svg aria-hidden=\"true\" class=\"e-font-icon-svg e-fas-circle\" viewbox=\"0 0 512 512\" xmlns=\"http:\/\/www.w3.org\/2000\/svg\"><path d=\"M256 8C119 8 8 119 8 256s111 248 248 248 248-111 248-248S393 8 256 8z\"><\/path><\/svg>\t\t\t\t\t\t<\/span>\n\t\t\t\t\t\t\t\t\t\t<span class=\"elementor-icon-list-text\">Entrega r\u00e1pida: de 6 a 8 semanas desde el inicio hasta la muestra FOT.;<\/span>\n\t\t\t\t\t\t\t\t\t<\/li>\n\t\t\t\t\t\t\t\t<li class=\"elementor-icon-list-item\">\n\t\t\t\t\t\t\t\t\t\t\t<span class=\"elementor-icon-list-icon\">\n\t\t\t\t\t\t\t<svg aria-hidden=\"true\" class=\"e-font-icon-svg e-fas-circle\" viewbox=\"0 0 512 512\" xmlns=\"http:\/\/www.w3.org\/2000\/svg\"><path d=\"M256 8C119 8 8 119 8 256s111 248 248 248 248-111 248-248S393 8 256 8z\"><\/path><\/svg>\t\t\t\t\t\t<\/span>\n\t\t\t\t\t\t\t\t\t\t<span class=\"elementor-icon-list-text\">Soluciones personalizadas: adaptadas a sus necesidades espec\u00edficas: estructura de herramientas, acero, piezas est\u00e1ndar, software de dise\u00f1o (VISI).;<\/span>\n\t\t\t\t\t\t\t\t\t<\/li>\n\t\t\t\t\t\t\t\t<li class=\"elementor-icon-list-item\">\n\t\t\t\t\t\t\t\t\t\t\t<span class=\"elementor-icon-list-icon\">\n\t\t\t\t\t\t\t<svg aria-hidden=\"true\" class=\"e-font-icon-svg e-fas-circle\" viewbox=\"0 0 512 512\" xmlns=\"http:\/\/www.w3.org\/2000\/svg\"><path d=\"M256 8C119 8 8 119 8 256s111 248 248 248 248-111 248-248S393 8 256 8z\"><\/path><\/svg>\t\t\t\t\t\t<\/span>\n\t\t\t\t\t\t\t\t\t\t<span class=\"elementor-icon-list-text\">Precio competitivo: aproveche las ventajas del \"Made in China\" para ofrecer un precio final muy competitivo.<\/span>\n\t\t\t\t\t\t\t\t\t<\/li>\n\t\t\t\t\t\t<\/ul>\n\t\t\t\t\t\t<\/div>\n\t\t\t\t<\/div>\n\t\t\t\t<\/div>\n\t\t\t\t\t<\/div>\n\t\t\t\t<\/div>\n\t\t<div class=\"elementor-element elementor-element-67c3985 e-flex e-con-boxed e-con e-parent\" data-id=\"67c3985\" data-element_type=\"container\" data-e-type=\"container\">\n\t\t\t\t\t<div class=\"e-con-inner\">\n\t\t\t\t<div class=\"elementor-element elementor-element-22a9993 elementor-widget elementor-widget-heading\" data-id=\"22a9993\" data-element_type=\"widget\" data-e-type=\"widget\" data-widget_type=\"heading.default\">\n\t\t\t\t\t<h2 class=\"elementor-heading-title elementor-size-default\">Un vistazo a las matrices de estampado que hemos construido:<\/h2>\t\t\t\t<\/div>\n\t\t\t\t<div class=\"elementor-element elementor-element-431f1ac elementor-widget elementor-widget-gallery\" data-id=\"431f1ac\" data-element_type=\"widget\" data-e-type=\"widget\" data-settings=\"{&quot;columns&quot;:2,&quot;lazyload&quot;:&quot;yes&quot;,&quot;gallery_layout&quot;:&quot;grid&quot;,&quot;columns_tablet&quot;:2,&quot;columns_mobile&quot;:1,&quot;gap&quot;:{&quot;unit&quot;:&quot;px&quot;,&quot;size&quot;:10,&quot;sizes&quot;:[]},&quot;gap_tablet&quot;:{&quot;unit&quot;:&quot;px&quot;,&quot;size&quot;:10,&quot;sizes&quot;:[]},&quot;gap_mobile&quot;:{&quot;unit&quot;:&quot;px&quot;,&quot;size&quot;:10,&quot;sizes&quot;:[]},&quot;link_to&quot;:&quot;file&quot;,&quot;aspect_ratio&quot;:&quot;3:2&quot;,&quot;content_hover_animation&quot;:&quot;fade-in&quot;}\" data-widget_type=\"gallery.default\">\n\t\t\t\t\t\t\t<div class=\"elementor-gallery__container\">\n\t\t\t\t\t\t\t<a class=\"e-gallery-item elementor-gallery-item elementor-animated-content\" href=\"https:\/\/preciseworksplus.com\/wp-content\/uploads\/2025\/11\/IMG_8235-scaled.webp\" data-elementor-open-lightbox=\"no\">\n\t\t\t\t\t<div class=\"e-gallery-image elementor-gallery-item__image\" data-thumbnail=\"https:\/\/preciseworksplus.com\/wp-content\/uploads\/2025\/11\/IMG_8235-1024x683.webp\" data-width=\"800\" data-height=\"534\" aria-label=\"demostrar la capacidad de precisi\u00f3n de la matriz de estampado\" role=\"img\" ><\/div>\n\t\t\t\t\t\t\t\t\t\t\t\t\t\t<\/a>\n\t\t\t\t\t\t\t<a class=\"e-gallery-item elementor-gallery-item elementor-animated-content\" href=\"https:\/\/preciseworksplus.com\/wp-content\/uploads\/2025\/11\/MG_8184-scaled.webp\" data-elementor-open-lightbox=\"no\">\n\t\t\t\t\t<div class=\"e-gallery-image elementor-gallery-item__image\" data-thumbnail=\"https:\/\/preciseworksplus.com\/wp-content\/uploads\/2025\/11\/MG_8184-1024x683.webp\" data-width=\"800\" data-height=\"534\" aria-label=\"demostrar la capacidad de producci\u00f3n de estampado\" role=\"img\" ><\/div>\n\t\t\t\t\t\t\t\t\t\t\t\t\t\t<\/a>\n\t\t\t\t\t\t\t<a class=\"e-gallery-item elementor-gallery-item elementor-animated-content\" href=\"https:\/\/preciseworksplus.com\/wp-content\/uploads\/2025\/11\/IMG20231107093401-scaled.webp\" data-elementor-open-lightbox=\"no\">\n\t\t\t\t\t<div class=\"e-gallery-image elementor-gallery-item__image\" data-thumbnail=\"https:\/\/preciseworksplus.com\/wp-content\/uploads\/2025\/11\/IMG20231107093401-768x1024.webp\" data-width=\"768\" data-height=\"1024\" aria-label=\"demostrar la capacidad de precisi\u00f3n de la matriz de estampado\" role=\"img\" ><\/div>\n\t\t\t\t\t\t\t\t\t\t\t\t\t\t<\/a>\n\t\t\t\t\t\t\t<a class=\"e-gallery-item elementor-gallery-item elementor-animated-content\" href=\"https:\/\/preciseworksplus.com\/wp-content\/uploads\/2025\/11\/IMG20231111114502-scaled.webp\" data-elementor-open-lightbox=\"no\">\n\t\t\t\t\t<div class=\"e-gallery-image elementor-gallery-item__image\" data-thumbnail=\"https:\/\/preciseworksplus.com\/wp-content\/uploads\/2025\/11\/IMG20231111114502-768x1024.webp\" data-width=\"768\" data-height=\"1024\" aria-label=\"demostrar la capacidad de la matriz de estampado\" role=\"img\" ><\/div>\n\t\t\t\t\t\t\t\t\t\t\t\t\t\t<\/a>\n\t\t\t\t\t\t\t<a class=\"e-gallery-item elementor-gallery-item elementor-animated-content\" href=\"https:\/\/preciseworksplus.com\/wp-content\/uploads\/2025\/11\/IMG20231104162517-scaled.webp\" data-elementor-open-lightbox=\"no\">\n\t\t\t\t\t<div class=\"e-gallery-image elementor-gallery-item__image\" data-thumbnail=\"https:\/\/preciseworksplus.com\/wp-content\/uploads\/2025\/11\/IMG20231104162517-768x1024.jpg\" data-width=\"768\" data-height=\"1024\" aria-label=\"demostrar la capacidad de precisi\u00f3n de la matriz de estampado\" role=\"img\" ><\/div>\n\t\t\t\t\t\t\t\t\t\t\t\t\t\t<\/a>\n\t\t\t\t\t\t\t<a class=\"e-gallery-item elementor-gallery-item elementor-animated-content\" href=\"https:\/\/preciseworksplus.com\/wp-content\/uploads\/2025\/11\/IMG20231030151632-scaled.webp\" data-elementor-open-lightbox=\"no\">\n\t\t\t\t\t<div class=\"e-gallery-image elementor-gallery-item__image\" data-thumbnail=\"https:\/\/preciseworksplus.com\/wp-content\/uploads\/2025\/11\/IMG20231030151632-1024x768.webp\" data-width=\"800\" data-height=\"600\" aria-label=\"demostrar la capacidad de precisi\u00f3n de la matriz de estampado\" role=\"img\" ><\/div>\n\t\t\t\t\t\t\t\t\t\t\t\t\t\t<\/a>\n\t\t\t\t\t\t\t<a class=\"e-gallery-item elementor-gallery-item elementor-animated-content\" href=\"https:\/\/preciseworksplus.com\/wp-content\/uploads\/2025\/11\/IMG20230802083414-scaled.webp\" data-elementor-open-lightbox=\"no\">\n\t\t\t\t\t<div class=\"e-gallery-image elementor-gallery-item__image\" data-thumbnail=\"https:\/\/preciseworksplus.com\/wp-content\/uploads\/2025\/11\/IMG20230802083414-1024x768.webp\" data-width=\"800\" data-height=\"600\" aria-label=\"demostrar la capacidad de precisi\u00f3n de la matriz de estampado\" role=\"img\" ><\/div>\n\t\t\t\t\t\t\t\t\t\t\t\t\t\t<\/a>\n\t\t\t\t\t\t\t<a class=\"e-gallery-item elementor-gallery-item elementor-animated-content\" href=\"https:\/\/preciseworksplus.com\/wp-content\/uploads\/2025\/11\/IMG20230705184201-scaled.webp\" data-elementor-open-lightbox=\"no\">\n\t\t\t\t\t<div class=\"e-gallery-image elementor-gallery-item__image\" data-thumbnail=\"https:\/\/preciseworksplus.com\/wp-content\/uploads\/2025\/11\/IMG20230705184201-768x1024.webp\" data-width=\"768\" data-height=\"1024\" aria-label=\"demostrar la capacidad de precisi\u00f3n de la matriz de estampado\" role=\"img\" ><\/div>\n\t\t\t\t\t\t\t\t\t\t\t\t\t\t<\/a>\n\t\t\t\t\t<\/div>\n\t\t\t\t\t<\/div>\n\t\t\t\t\t<\/div>\n\t\t\t\t<\/div>\n\t\t\t\t<\/div>","protected":false},"excerpt":{"rendered":"<p>Stamping Die Tooling at our core At Precise Works Plus, We provide the answer to your needs: with the right tool concept for the requirement you expect! The key to this lies in our in-house tool-making operation,rich experience designers and state-of-the-art production processes ensure top quality and precision \u2013 for complex and fully automatic volume-production [&hellip;]<\/p>","protected":false},"author":1,"featured_media":0,"parent":25,"menu_order":0,"comment_status":"closed","ping_status":"closed","template":"","meta":{"om_disable_all_campaigns":false,"_monsterinsights_skip_tracking":false,"_monsterinsights_sitenote_active":false,"_monsterinsights_sitenote_note":"","_monsterinsights_sitenote_category":0,"footnotes":""},"class_list":["post-229","page","type-page","status-publish","hentry"],"aioseo_notices":[],"_hostinger_reach_plugin_has_subscription_block":false,"_hostinger_reach_plugin_is_elementor":false,"_links":{"self":[{"href":"https:\/\/preciseworksplus.com\/es\/wp-json\/wp\/v2\/pages\/229","targetHints":{"allow":["GET"]}}],"collection":[{"href":"https:\/\/preciseworksplus.com\/es\/wp-json\/wp\/v2\/pages"}],"about":[{"href":"https:\/\/preciseworksplus.com\/es\/wp-json\/wp\/v2\/types\/page"}],"author":[{"embeddable":true,"href":"https:\/\/preciseworksplus.com\/es\/wp-json\/wp\/v2\/users\/1"}],"replies":[{"embeddable":true,"href":"https:\/\/preciseworksplus.com\/es\/wp-json\/wp\/v2\/comments?post=229"}],"version-history":[{"count":64,"href":"https:\/\/preciseworksplus.com\/es\/wp-json\/wp\/v2\/pages\/229\/revisions"}],"predecessor-version":[{"id":669,"href":"https:\/\/preciseworksplus.com\/es\/wp-json\/wp\/v2\/pages\/229\/revisions\/669"}],"up":[{"embeddable":true,"href":"https:\/\/preciseworksplus.com\/es\/wp-json\/wp\/v2\/pages\/25"}],"wp:attachment":[{"href":"https:\/\/preciseworksplus.com\/es\/wp-json\/wp\/v2\/media?parent=229"}],"curies":[{"name":"wp","href":"https:\/\/api.w.org\/{rel}","templated":true}]}}