{"id":25,"date":"2025-11-16T08:18:42","date_gmt":"2025-11-16T08:18:42","guid":{"rendered":"https:\/\/preciseworksplus.com\/product-services\/"},"modified":"2025-11-28T03:14:39","modified_gmt":"2025-11-28T03:14:39","slug":"servicios-de-productos","status":"publish","type":"page","link":"https:\/\/preciseworksplus.com\/es\/servicios-de-productos\/","title":{"rendered":"Productos y servicios"},"content":{"rendered":"<div data-elementor-type=\"wp-page\" data-elementor-id=\"25\" class=\"elementor elementor-25\" data-elementor-post-type=\"page\">\n\t\t\t\t<div class=\"elementor-element elementor-element-564eb848 e-flex e-con-boxed e-con e-parent\" data-id=\"564eb848\" data-element_type=\"container\" data-e-type=\"container\" data-settings=\"{&quot;background_background&quot;:&quot;classic&quot;}\">\n\t\t\t\t\t<div class=\"e-con-inner\">\n\t\t<div class=\"elementor-element elementor-element-2c234dc0 e-con-full e-flex e-con e-child\" data-id=\"2c234dc0\" data-element_type=\"container\" data-e-type=\"container\">\n\t\t\t\t<div class=\"elementor-element elementor-element-6957b4d5 elementor-widget elementor-widget-heading\" data-id=\"6957b4d5\" data-element_type=\"widget\" data-e-type=\"widget\" data-widget_type=\"heading.default\">\n\t\t\t\t\t<h2 class=\"elementor-heading-title elementor-size-default\">\u00a1B\u00fasqueda incansable de la excelencia en la fabricaci\u00f3n!\n<\/h2>\t\t\t\t<\/div>\n\t\t\t\t<div class=\"elementor-element elementor-element-4a6990b elementor-widget elementor-widget-text-editor\" data-id=\"4a6990b\" data-element_type=\"widget\" data-e-type=\"widget\" data-widget_type=\"text-editor.default\">\n\t\t\t\t\t\t\t\t\t<p>Ofrecemos soluciones personalizadas que satisfacen las exigencias de la industria. Explore nuestra amplia gama de productos y servicios dise\u00f1ados para herramientas, estampado, moldeado y mecanizado CNC. Con un enfoque en la calidad y la confiabilidad, estamos listos para satisfacer sus necesidades de ingenier\u00eda.<\/p>\t\t\t\t\t\t\t\t<\/div>\n\t\t\t\t<\/div>\n\t\t\t\t\t<\/div>\n\t\t\t\t<\/div>\n\t\t<div class=\"elementor-element elementor-element-636d4c0d e-flex e-con-boxed e-con e-parent\" data-id=\"636d4c0d\" data-element_type=\"container\" data-e-type=\"container\">\n\t\t\t\t\t<div class=\"e-con-inner\">\n\t\t<div class=\"elementor-element elementor-element-50307e7a e-con-full e-flex e-con e-child\" data-id=\"50307e7a\" data-element_type=\"container\" data-e-type=\"container\">\n\t\t\t\t<div class=\"elementor-element elementor-element-6dc8985b elementor-widget elementor-widget-heading\" data-id=\"6dc8985b\" data-element_type=\"widget\" data-e-type=\"widget\" data-widget_type=\"heading.default\">\n\t\t\t\t\t<h2 class=\"elementor-heading-title elementor-size-default\">Nuestras capacidades<\/h2>\t\t\t\t<\/div>\n\t\t\t\t<div class=\"elementor-element elementor-element-1ca0663f elementor-widget__width-initial elementor-widget elementor-widget-heading\" data-id=\"1ca0663f\" data-element_type=\"widget\" data-e-type=\"widget\" data-widget_type=\"heading.default\">\n\t\t\t\t\t<h5 class=\"elementor-heading-title elementor-size-default\">Explore la gama de servicios de fabricaci\u00f3n que ofrecemos para satisfacer sus necesidades.<\/h5>\t\t\t\t<\/div>\n\t\t\t\t<\/div>\n\t\t<div class=\"elementor-element elementor-element-1da73655 e-con-full e-flex e-con e-child\" data-id=\"1da73655\" data-element_type=\"container\" data-e-type=\"container\">\n\t\t\t\t<div class=\"elementor-element elementor-element-24a3a87b elementor-widget-tablet__width-initial elementor-widget-mobile__width-inherit elementor-widget__width-initial elementor-position-top elementor-widget elementor-widget-image-box\" data-id=\"24a3a87b\" data-element_type=\"widget\" data-e-type=\"widget\" data-widget_type=\"image-box.default\">\n\t\t\t\t\t<div class=\"elementor-image-box-wrapper\"><div class=\"elementor-image-box-content\"><h4 class=\"elementor-image-box-title\">Herramientas personalizadas<\/h4><p class=\"elementor-image-box-description\">Dise\u00f1amos y fabricamos soluciones de herramientas personalizadas que se adaptan a los requisitos espec\u00edficos de producci\u00f3n.<\/p><\/div><\/div>\t\t\t\t<\/div>\n\t\t\t\t<div class=\"elementor-element elementor-element-1f041145 elementor-widget-tablet__width-initial elementor-widget-mobile__width-inherit elementor-widget__width-initial elementor-position-top elementor-widget elementor-widget-image-box\" data-id=\"1f041145\" data-element_type=\"widget\" data-e-type=\"widget\" data-widget_type=\"image-box.default\">\n\t\t\t\t\t<div class=\"elementor-image-box-wrapper\"><div class=\"elementor-image-box-content\"><h4 class=\"elementor-image-box-title\">Servicios de estampado<\/h4><p class=\"elementor-image-box-description\">Servicios de estampado de alta calidad que garantizan precisi\u00f3n y eficiencia en la producci\u00f3n industrial.<\/p><\/div><\/div>\t\t\t\t<\/div>\n\t\t\t\t<div class=\"elementor-element elementor-element-12f7e38a elementor-widget-tablet__width-initial elementor-widget-mobile__width-inherit elementor-widget__width-initial elementor-position-top elementor-widget elementor-widget-image-box\" data-id=\"12f7e38a\" data-element_type=\"widget\" data-e-type=\"widget\" data-widget_type=\"image-box.default\">\n\t\t\t\t\t<div class=\"elementor-image-box-wrapper\"><div class=\"elementor-image-box-content\"><h4 class=\"elementor-image-box-title\">Servicios de moldeado<\/h4><p class=\"elementor-image-box-description\">Ofrecemos soluciones integrales de inyecci\u00f3n: moldeado puro, moldeado por inserci\u00f3n y sobremoldeado.<\/p><\/div><\/div>\t\t\t\t<\/div>\n\t\t\t\t<div class=\"elementor-element elementor-element-0b061a4 elementor-widget-tablet__width-initial elementor-widget-mobile__width-inherit elementor-widget__width-initial elementor-position-top elementor-widget elementor-widget-image-box\" data-id=\"0b061a4\" data-element_type=\"widget\" data-e-type=\"widget\" data-widget_type=\"image-box.default\">\n\t\t\t\t\t<div class=\"elementor-image-box-wrapper\"><div class=\"elementor-image-box-content\"><h4 class=\"elementor-image-box-title\">Mecanizado de precisi\u00f3n<\/h4><p class=\"elementor-image-box-description\">Ofrecemos servicios de mecanizado de alta precisi\u00f3n que mejoran la calidad del producto y reducen los plazos de entrega.<\/p><\/div><\/div>\t\t\t\t<\/div>\n\t\t\t\t<\/div>\n\t\t\t\t\t<\/div>\n\t\t\t\t<\/div>\n\t\t\t\t<\/div>","protected":false},"excerpt":{"rendered":"<p>Relentless pursuit in manufacturing excellence! We deliver tailored solutions that meet industry demands. Explore our diverse range of products and services designed for tooling, stamping, molding and CNC machining. With a focus on quality and reliability, we stand ready to support your engineering needs. Our Capabilities Explore the range of manufacturing services we provide to [&hellip;]<\/p>","protected":false},"author":1,"featured_media":0,"parent":0,"menu_order":0,"comment_status":"closed","ping_status":"closed","template":"","meta":{"om_disable_all_campaigns":false,"_monsterinsights_skip_tracking":false,"_monsterinsights_sitenote_active":false,"_monsterinsights_sitenote_note":"","_monsterinsights_sitenote_category":0,"footnotes":""},"class_list":["post-25","page","type-page","status-publish","hentry"],"aioseo_notices":[],"_hostinger_reach_plugin_has_subscription_block":false,"_hostinger_reach_plugin_is_elementor":false,"_links":{"self":[{"href":"https:\/\/preciseworksplus.com\/es\/wp-json\/wp\/v2\/pages\/25","targetHints":{"allow":["GET"]}}],"collection":[{"href":"https:\/\/preciseworksplus.com\/es\/wp-json\/wp\/v2\/pages"}],"about":[{"href":"https:\/\/preciseworksplus.com\/es\/wp-json\/wp\/v2\/types\/page"}],"author":[{"embeddable":true,"href":"https:\/\/preciseworksplus.com\/es\/wp-json\/wp\/v2\/users\/1"}],"replies":[{"embeddable":true,"href":"https:\/\/preciseworksplus.com\/es\/wp-json\/wp\/v2\/comments?post=25"}],"version-history":[{"count":19,"href":"https:\/\/preciseworksplus.com\/es\/wp-json\/wp\/v2\/pages\/25\/revisions"}],"predecessor-version":[{"id":638,"href":"https:\/\/preciseworksplus.com\/es\/wp-json\/wp\/v2\/pages\/25\/revisions\/638"}],"wp:attachment":[{"href":"https:\/\/preciseworksplus.com\/es\/wp-json\/wp\/v2\/media?parent=25"}],"curies":[{"name":"wp","href":"https:\/\/api.w.org\/{rel}","templated":true}]}}