{"id":356,"date":"2025-11-20T01:53:58","date_gmt":"2025-11-20T01:53:58","guid":{"rendered":"https:\/\/preciseworksplus.com\/?page_id=356"},"modified":"2025-11-22T07:09:00","modified_gmt":"2025-11-22T07:09:00","slug":"molde-de-inyeccion","status":"publish","type":"page","link":"https:\/\/preciseworksplus.com\/es\/servicios-de-productos\/molde-de-inyeccion\/","title":{"rendered":"Molde de inyecci\u00f3n"},"content":{"rendered":"<div data-elementor-type=\"wp-page\" data-elementor-id=\"356\" class=\"elementor elementor-356\" data-elementor-post-type=\"page\">\n\t\t\t\t<div class=\"elementor-element elementor-element-273a230 e-flex e-con-boxed e-con e-parent\" data-id=\"273a230\" data-element_type=\"container\" data-e-type=\"container\">\n\t\t\t\t\t<div class=\"e-con-inner\">\n\t\t<div class=\"elementor-element elementor-element-877a5c3 e-con-full e-flex e-con e-child\" data-id=\"877a5c3\" data-element_type=\"container\" data-e-type=\"container\">\n\t\t<div class=\"elementor-element elementor-element-dbd90f8 e-con-full e-flex e-con e-child\" data-id=\"dbd90f8\" data-element_type=\"container\" data-e-type=\"container\">\n\t\t\t\t<div class=\"elementor-element elementor-element-49bc482 elementor-widget elementor-widget-heading\" data-id=\"49bc482\" data-element_type=\"widget\" data-e-type=\"widget\" data-widget_type=\"heading.default\">\n\t\t\t\t\t<h5 class=\"elementor-heading-title elementor-size-default\">Molde de inyecci\u00f3n<\/h5>\t\t\t\t<\/div>\n\t\t\t\t<div class=\"elementor-element elementor-element-b040ba4 elementor-widget elementor-widget-heading\" data-id=\"b040ba4\" data-element_type=\"widget\" data-e-type=\"widget\" data-widget_type=\"heading.default\">\n\t\t\t\t\t<h2 class=\"elementor-heading-title elementor-size-default\">Las herramientas en nuestro n\u00facleo<\/h2>\t\t\t\t<\/div>\n\t\t\t\t<div class=\"elementor-element elementor-element-1a3ef7c elementor-widget elementor-widget-image\" data-id=\"1a3ef7c\" data-element_type=\"widget\" data-e-type=\"widget\" data-widget_type=\"image.default\">\n\t\t\t\t\t\t\t\t\t\t\t\t\t\t\t<img fetchpriority=\"high\" decoding=\"async\" width=\"800\" height=\"533\" src=\"https:\/\/preciseworksplus.com\/wp-content\/uploads\/2025\/11\/IMG_9032_\u526f\u672c-1024x682.jpg\" class=\"attachment-large size-large wp-image-464\" alt=\"Demostrar la capacidad de las herramientas y los moldes de inyecci\u00f3n para conexiones, sensores e interruptores.\" srcset=\"https:\/\/preciseworksplus.com\/wp-content\/uploads\/2025\/11\/IMG_9032_\u526f\u672c-1024x682.jpg 1024w, https:\/\/preciseworksplus.com\/wp-content\/uploads\/2025\/11\/IMG_9032_\u526f\u672c-300x200.jpg 300w, https:\/\/preciseworksplus.com\/wp-content\/uploads\/2025\/11\/IMG_9032_\u526f\u672c-768x512.jpg 768w, https:\/\/preciseworksplus.com\/wp-content\/uploads\/2025\/11\/IMG_9032_\u526f\u672c-1536x1024.jpg 1536w, https:\/\/preciseworksplus.com\/wp-content\/uploads\/2025\/11\/IMG_9032_\u526f\u672c.webp 1920w\" sizes=\"(max-width: 800px) 100vw, 800px\" \/>\t\t\t\t\t\t\t\t\t\t\t\t\t\t\t<\/div>\n\t\t\t\t<\/div>\n\t\t<div class=\"elementor-element elementor-element-19c6e56 e-con-full e-flex e-con e-child\" data-id=\"19c6e56\" data-element_type=\"container\" data-e-type=\"container\">\n\t\t\t\t<div class=\"elementor-element elementor-element-fa279df elementor-widget elementor-widget-text-editor\" data-id=\"fa279df\" data-element_type=\"widget\" data-e-type=\"widget\" data-widget_type=\"text-editor.default\">\n\t\t\t\t\t\t\t\t\t<p>En Preciseworks Plus, nos especializamos en la fabricaci\u00f3n de productos moldeados por inyecci\u00f3n de alta calidad que cumplen con los exigentes est\u00e1ndares de nuestros clientes. Nuestro compromiso con la excelencia combina la \u00faltima tecnolog\u00eda con t\u00e9cnicas tradicionales para ofrecer piezas robustas y rentables.<\/p>\t\t\t\t\t\t\t\t<\/div>\n\t\t\t\t<div class=\"elementor-element elementor-element-73c95f2 elementor-icon-list--layout-traditional elementor-list-item-link-full_width elementor-widget elementor-widget-icon-list\" data-id=\"73c95f2\" data-element_type=\"widget\" data-e-type=\"widget\" data-widget_type=\"icon-list.default\">\n\t\t\t\t\t\t\t<ul class=\"elementor-icon-list-items\">\n\t\t\t\t\t\t\t<li class=\"elementor-icon-list-item\">\n\t\t\t\t\t\t\t\t\t\t\t<span class=\"elementor-icon-list-icon\">\n\t\t\t\t\t\t\t<svg aria-hidden=\"true\" class=\"e-font-icon-svg e-fas-circle\" viewbox=\"0 0 512 512\" xmlns=\"http:\/\/www.w3.org\/2000\/svg\"><path d=\"M256 8C119 8 8 119 8 256s111 248 248 248 248-111 248-248S393 8 256 8z\"><\/path><\/svg>\t\t\t\t\t\t<\/span>\n\t\t\t\t\t\t\t\t\t\t<span class=\"elementor-icon-list-text\">Experiencia: especializados en moldes de inyecci\u00f3n de precisi\u00f3n, como conectores, interruptores y sensores; incluimos moldes de inyecci\u00f3n pura, moldeo por inserci\u00f3n y sobremoldeo.<\/span>\n\t\t\t\t\t\t\t\t\t<\/li>\n\t\t\t\t\t\t\t\t<li class=\"elementor-icon-list-item\">\n\t\t\t\t\t\t\t\t\t\t\t<span class=\"elementor-icon-list-icon\">\n\t\t\t\t\t\t\t<svg aria-hidden=\"true\" class=\"e-font-icon-svg e-fas-circle\" viewbox=\"0 0 512 512\" xmlns=\"http:\/\/www.w3.org\/2000\/svg\"><path d=\"M256 8C119 8 8 119 8 256s111 248 248 248 248-111 248-248S393 8 256 8z\"><\/path><\/svg>\t\t\t\t\t\t<\/span>\n\t\t\t\t\t\t\t\t\t\t<span class=\"elementor-icon-list-text\">Soluciones personalizadas: adaptadas a sus necesidades espec\u00edficas: estructura de herramientas, acero, piezas est\u00e1ndar (Misumi\/DME\/HASCO\/Meusburger), software de dise\u00f1o (Creo\/Solidworks\/UG), canal caliente (Yudo\/Synventive\/Husky\/Mold Master).;<\/span>\n\t\t\t\t\t\t\t\t\t<\/li>\n\t\t\t\t\t\t\t\t<li class=\"elementor-icon-list-item\">\n\t\t\t\t\t\t\t\t\t\t\t<span class=\"elementor-icon-list-icon\">\n\t\t\t\t\t\t\t<svg aria-hidden=\"true\" class=\"e-font-icon-svg e-fas-circle\" viewbox=\"0 0 512 512\" xmlns=\"http:\/\/www.w3.org\/2000\/svg\"><path d=\"M256 8C119 8 8 119 8 256s111 248 248 248 248-111 248-248S393 8 256 8z\"><\/path><\/svg>\t\t\t\t\t\t<\/span>\n\t\t\t\t\t\t\t\t\t\t<span class=\"elementor-icon-list-text\">Entrega r\u00e1pida: de 6 a 8 semanas desde el inicio hasta la muestra FOT.;<\/span>\n\t\t\t\t\t\t\t\t\t<\/li>\n\t\t\t\t\t\t\t\t<li class=\"elementor-icon-list-item\">\n\t\t\t\t\t\t\t\t\t\t\t<span class=\"elementor-icon-list-icon\">\n\t\t\t\t\t\t\t<svg aria-hidden=\"true\" class=\"e-font-icon-svg e-fas-circle\" viewbox=\"0 0 512 512\" xmlns=\"http:\/\/www.w3.org\/2000\/svg\"><path d=\"M256 8C119 8 8 119 8 256s111 248 248 248 248-111 248-248S393 8 256 8z\"><\/path><\/svg>\t\t\t\t\t\t<\/span>\n\t\t\t\t\t\t\t\t\t\t<span class=\"elementor-icon-list-text\">Precio competitivo: aproveche las ventajas del \"Made in China\" para ofrecer un precio final muy competitivo.<\/span>\n\t\t\t\t\t\t\t\t\t<\/li>\n\t\t\t\t\t\t<\/ul>\n\t\t\t\t\t\t<\/div>\n\t\t\t\t<\/div>\n\t\t\t\t<\/div>\n\t\t\t\t\t<\/div>\n\t\t\t\t<\/div>\n\t\t<div class=\"elementor-element elementor-element-af8e145 e-flex e-con-boxed e-con e-parent\" data-id=\"af8e145\" data-element_type=\"container\" data-e-type=\"container\">\n\t\t\t\t\t<div class=\"e-con-inner\">\n\t\t\t\t<div class=\"elementor-element elementor-element-62e352c elementor-widget elementor-widget-heading\" data-id=\"62e352c\" data-element_type=\"widget\" data-e-type=\"widget\" data-widget_type=\"heading.default\">\n\t\t\t\t\t<h2 class=\"elementor-heading-title elementor-size-default\">Un vistazo a los moldes de inyecci\u00f3n que hemos construido<\/h2>\t\t\t\t<\/div>\n\t\t\t\t<div class=\"elementor-element elementor-element-e630d78 elementor-widget elementor-widget-gallery\" data-id=\"e630d78\" data-element_type=\"widget\" data-e-type=\"widget\" data-settings=\"{&quot;columns&quot;:2,&quot;lazyload&quot;:&quot;yes&quot;,&quot;gallery_layout&quot;:&quot;grid&quot;,&quot;columns_tablet&quot;:2,&quot;columns_mobile&quot;:1,&quot;gap&quot;:{&quot;unit&quot;:&quot;px&quot;,&quot;size&quot;:10,&quot;sizes&quot;:[]},&quot;gap_tablet&quot;:{&quot;unit&quot;:&quot;px&quot;,&quot;size&quot;:10,&quot;sizes&quot;:[]},&quot;gap_mobile&quot;:{&quot;unit&quot;:&quot;px&quot;,&quot;size&quot;:10,&quot;sizes&quot;:[]},&quot;link_to&quot;:&quot;file&quot;,&quot;aspect_ratio&quot;:&quot;3:2&quot;,&quot;overlay_background&quot;:&quot;yes&quot;,&quot;content_hover_animation&quot;:&quot;fade-in&quot;}\" data-widget_type=\"gallery.default\">\n\t\t\t\t\t\t\t<div class=\"elementor-gallery__container\">\n\t\t\t\t\t\t\t<a class=\"e-gallery-item elementor-gallery-item elementor-animated-content\" href=\"https:\/\/preciseworksplus.com\/wp-content\/uploads\/2025\/11\/3966b7c6412725c41533b0e8d361b73-scaled.webp\" data-elementor-open-lightbox=\"yes\" data-elementor-lightbox-slideshow=\"e630d78\" data-elementor-lightbox-title=\"Precise injection mould\" data-elementor-lightbox-description=\"Precise injection mould\" data-e-action-hash=\"#elementor-action%3Aaction%3Dlightbox%26settings%3DeyJpZCI6NDczLCJ1cmwiOiJodHRwczpcL1wvcHJlY2lzZXdvcmtzcGx1cy5jb21cL3dwLWNvbnRlbnRcL3VwbG9hZHNcLzIwMjVcLzExXC8zOTY2YjdjNjQxMjcyNWM0MTUzM2IwZThkMzYxYjczLXNjYWxlZC53ZWJwIiwic2xpZGVzaG93IjoiZTYzMGQ3OCJ9\">\n\t\t\t\t\t<div class=\"e-gallery-image elementor-gallery-item__image\" data-thumbnail=\"https:\/\/preciseworksplus.com\/wp-content\/uploads\/2025\/11\/3966b7c6412725c41533b0e8d361b73-1024x768.webp\" data-width=\"800\" data-height=\"600\" aria-label=\"Demostrar la capacidad de las herramientas y los moldes de inyecci\u00f3n para conexiones, sensores e interruptores.\" role=\"img\" ><\/div>\n\t\t\t\t\t\t\t\t\t\t\t<div class=\"elementor-gallery-item__overlay\"><\/div>\n\t\t\t\t\t\t\t\t\t\t\t\t\t\t<\/a>\n\t\t\t\t\t\t\t<a class=\"e-gallery-item elementor-gallery-item elementor-animated-content\" href=\"https:\/\/preciseworksplus.com\/wp-content\/uploads\/2025\/11\/IMG20230804102459-scaled.webp\" data-elementor-open-lightbox=\"yes\" data-elementor-lightbox-slideshow=\"e630d78\" data-elementor-lightbox-title=\"Precise injection mould\" data-elementor-lightbox-description=\"Precise injection mould\" data-e-action-hash=\"#elementor-action%3Aaction%3Dlightbox%26settings%3DeyJpZCI6NDc1LCJ1cmwiOiJodHRwczpcL1wvcHJlY2lzZXdvcmtzcGx1cy5jb21cL3dwLWNvbnRlbnRcL3VwbG9hZHNcLzIwMjVcLzExXC9JTUcyMDIzMDgwNDEwMjQ1OS1zY2FsZWQud2VicCIsInNsaWRlc2hvdyI6ImU2MzBkNzgifQ%3D%3D\">\n\t\t\t\t\t<div class=\"e-gallery-image elementor-gallery-item__image\" data-thumbnail=\"https:\/\/preciseworksplus.com\/wp-content\/uploads\/2025\/11\/IMG20230804102459-768x1024.webp\" data-width=\"768\" data-height=\"1024\" aria-label=\"Demostrar la capacidad de las herramientas y los moldes de inyecci\u00f3n para conexiones, sensores e interruptores.\" role=\"img\" ><\/div>\n\t\t\t\t\t\t\t\t\t\t\t<div class=\"elementor-gallery-item__overlay\"><\/div>\n\t\t\t\t\t\t\t\t\t\t\t\t\t\t<\/a>\n\t\t\t\t\t\t\t<a class=\"e-gallery-item elementor-gallery-item elementor-animated-content\" href=\"https:\/\/preciseworksplus.com\/wp-content\/uploads\/2025\/11\/1-1-scaled.webp\" data-elementor-open-lightbox=\"yes\" data-elementor-lightbox-slideshow=\"e630d78\" data-elementor-lightbox-title=\"Precise injection mould\" data-elementor-lightbox-description=\"Precise injection mould\" data-e-action-hash=\"#elementor-action%3Aaction%3Dlightbox%26settings%3DeyJpZCI6NDkwLCJ1cmwiOiJodHRwczpcL1wvcHJlY2lzZXdvcmtzcGx1cy5jb21cL3dwLWNvbnRlbnRcL3VwbG9hZHNcLzIwMjVcLzExXC8xLTEtc2NhbGVkLndlYnAiLCJzbGlkZXNob3ciOiJlNjMwZDc4In0%3D\">\n\t\t\t\t\t<div class=\"e-gallery-image elementor-gallery-item__image\" data-thumbnail=\"https:\/\/preciseworksplus.com\/wp-content\/uploads\/2025\/11\/1-1-1024x683.webp\" data-width=\"800\" data-height=\"534\" aria-label=\"Demostrar la capacidad de las herramientas y los moldes de inyecci\u00f3n para conexiones, sensores e interruptores.\" role=\"img\" ><\/div>\n\t\t\t\t\t\t\t\t\t\t\t<div class=\"elementor-gallery-item__overlay\"><\/div>\n\t\t\t\t\t\t\t\t\t\t\t\t\t\t<\/a>\n\t\t\t\t\t\t\t<a class=\"e-gallery-item elementor-gallery-item elementor-animated-content\" href=\"https:\/\/preciseworksplus.com\/wp-content\/uploads\/2025\/11\/2-1-scaled.webp\" data-elementor-open-lightbox=\"yes\" data-elementor-lightbox-slideshow=\"e630d78\" data-elementor-lightbox-title=\"Precise injection mould\" data-elementor-lightbox-description=\"Precise injection mould\" data-e-action-hash=\"#elementor-action%3Aaction%3Dlightbox%26settings%3DeyJpZCI6NDkyLCJ1cmwiOiJodHRwczpcL1wvcHJlY2lzZXdvcmtzcGx1cy5jb21cL3dwLWNvbnRlbnRcL3VwbG9hZHNcLzIwMjVcLzExXC8yLTEtc2NhbGVkLndlYnAiLCJzbGlkZXNob3ciOiJlNjMwZDc4In0%3D\">\n\t\t\t\t\t<div class=\"e-gallery-image elementor-gallery-item__image\" data-thumbnail=\"https:\/\/preciseworksplus.com\/wp-content\/uploads\/2025\/11\/2-1-1024x683.webp\" data-width=\"800\" data-height=\"534\" aria-label=\"Demostrar la capacidad de las herramientas y los moldes de inyecci\u00f3n para conexiones, sensores e interruptores.\" role=\"img\" ><\/div>\n\t\t\t\t\t\t\t\t\t\t\t<div class=\"elementor-gallery-item__overlay\"><\/div>\n\t\t\t\t\t\t\t\t\t\t\t\t\t\t<\/a>\n\t\t\t\t\t\t\t<a class=\"e-gallery-item elementor-gallery-item elementor-animated-content\" href=\"https:\/\/preciseworksplus.com\/wp-content\/uploads\/2025\/11\/\u5fae\u4fe1\u56fe\u7247_202011071558373-scaled.webp\" data-elementor-open-lightbox=\"yes\" data-elementor-lightbox-slideshow=\"e630d78\" data-elementor-lightbox-title=\"Precise injection mould\" data-elementor-lightbox-description=\"Precise injection mould\" data-e-action-hash=\"#elementor-action%3Aaction%3Dlightbox%26settings%3DeyJpZCI6NDc5LCJ1cmwiOiJodHRwczpcL1wvcHJlY2lzZXdvcmtzcGx1cy5jb21cL3dwLWNvbnRlbnRcL3VwbG9hZHNcLzIwMjVcLzExXC9cdTVmYWVcdTRmZTFcdTU2ZmVcdTcyNDdfMjAyMDExMDcxNTU4MzczLXNjYWxlZC53ZWJwIiwic2xpZGVzaG93IjoiZTYzMGQ3OCJ9\">\n\t\t\t\t\t<div class=\"e-gallery-image elementor-gallery-item__image\" data-thumbnail=\"https:\/\/preciseworksplus.com\/wp-content\/uploads\/2025\/11\/\u5fae\u4fe1\u56fe\u7247_202011071558373-768x1024.webp\" data-width=\"768\" data-height=\"1024\" aria-label=\"Demostrar la capacidad de las herramientas y los moldes de inyecci\u00f3n para conexiones, sensores e interruptores.\" role=\"img\" ><\/div>\n\t\t\t\t\t\t\t\t\t\t\t<div class=\"elementor-gallery-item__overlay\"><\/div>\n\t\t\t\t\t\t\t\t\t\t\t\t\t\t<\/a>\n\t\t\t\t\t\t\t<a class=\"e-gallery-item elementor-gallery-item elementor-animated-content\" href=\"https:\/\/preciseworksplus.com\/wp-content\/uploads\/2025\/11\/\u5fae\u4fe1\u56fe\u7247_2020110715583647-scaled.webp\" data-elementor-open-lightbox=\"yes\" data-elementor-lightbox-slideshow=\"e630d78\" data-elementor-lightbox-title=\"Precise injection mould\" data-elementor-lightbox-description=\"Precise injection mould\" data-e-action-hash=\"#elementor-action%3Aaction%3Dlightbox%26settings%3DeyJpZCI6NDc4LCJ1cmwiOiJodHRwczpcL1wvcHJlY2lzZXdvcmtzcGx1cy5jb21cL3dwLWNvbnRlbnRcL3VwbG9hZHNcLzIwMjVcLzExXC9cdTVmYWVcdTRmZTFcdTU2ZmVcdTcyNDdfMjAyMDExMDcxNTU4MzY0Ny1zY2FsZWQud2VicCIsInNsaWRlc2hvdyI6ImU2MzBkNzgifQ%3D%3D\">\n\t\t\t\t\t<div class=\"e-gallery-image elementor-gallery-item__image\" data-thumbnail=\"https:\/\/preciseworksplus.com\/wp-content\/uploads\/2025\/11\/\u5fae\u4fe1\u56fe\u7247_2020110715583647-1024x768.webp\" data-width=\"800\" data-height=\"600\" aria-label=\"Demostrar la capacidad de las herramientas y los moldes de inyecci\u00f3n para conexiones, sensores e interruptores.\" role=\"img\" ><\/div>\n\t\t\t\t\t\t\t\t\t\t\t<div class=\"elementor-gallery-item__overlay\"><\/div>\n\t\t\t\t\t\t\t\t\t\t\t\t\t\t<\/a>\n\t\t\t\t\t\t\t<a class=\"e-gallery-item elementor-gallery-item elementor-animated-content\" href=\"https:\/\/preciseworksplus.com\/wp-content\/uploads\/2025\/11\/\u5fae\u4fe1\u56fe\u7247_202011071558374-scaled.webp\" data-elementor-open-lightbox=\"yes\" data-elementor-lightbox-slideshow=\"e630d78\" data-elementor-lightbox-title=\"Precise injection mould\" data-elementor-lightbox-description=\"Precise injection mould\" data-e-action-hash=\"#elementor-action%3Aaction%3Dlightbox%26settings%3DeyJpZCI6NDc3LCJ1cmwiOiJodHRwczpcL1wvcHJlY2lzZXdvcmtzcGx1cy5jb21cL3dwLWNvbnRlbnRcL3VwbG9hZHNcLzIwMjVcLzExXC9cdTVmYWVcdTRmZTFcdTU2ZmVcdTcyNDdfMjAyMDExMDcxNTU4Mzc0LXNjYWxlZC53ZWJwIiwic2xpZGVzaG93IjoiZTYzMGQ3OCJ9\">\n\t\t\t\t\t<div class=\"e-gallery-image elementor-gallery-item__image\" data-thumbnail=\"https:\/\/preciseworksplus.com\/wp-content\/uploads\/2025\/11\/\u5fae\u4fe1\u56fe\u7247_202011071558374-768x1024.webp\" data-width=\"768\" data-height=\"1024\" aria-label=\"Demostrar la capacidad de las herramientas y los moldes de inyecci\u00f3n para conexiones, sensores e interruptores.\" role=\"img\" ><\/div>\n\t\t\t\t\t\t\t\t\t\t\t<div class=\"elementor-gallery-item__overlay\"><\/div>\n\t\t\t\t\t\t\t\t\t\t\t\t\t\t<\/a>\n\t\t\t\t\t\t\t<a class=\"e-gallery-item elementor-gallery-item elementor-animated-content\" href=\"https:\/\/preciseworksplus.com\/wp-content\/uploads\/2025\/11\/ccd3f17d941abb8e88d2cbf3d492fe2-scaled.webp\" data-elementor-open-lightbox=\"yes\" data-elementor-lightbox-slideshow=\"e630d78\" data-elementor-lightbox-title=\"Precise injection mould\" data-elementor-lightbox-description=\"Precise injection mould\" data-e-action-hash=\"#elementor-action%3Aaction%3Dlightbox%26settings%3DeyJpZCI6NDc0LCJ1cmwiOiJodHRwczpcL1wvcHJlY2lzZXdvcmtzcGx1cy5jb21cL3dwLWNvbnRlbnRcL3VwbG9hZHNcLzIwMjVcLzExXC9jY2QzZjE3ZDk0MWFiYjhlODhkMmNiZjNkNDkyZmUyLXNjYWxlZC53ZWJwIiwic2xpZGVzaG93IjoiZTYzMGQ3OCJ9\">\n\t\t\t\t\t<div class=\"e-gallery-image elementor-gallery-item__image\" data-thumbnail=\"https:\/\/preciseworksplus.com\/wp-content\/uploads\/2025\/11\/ccd3f17d941abb8e88d2cbf3d492fe2-1024x768.webp\" data-width=\"800\" data-height=\"600\" aria-label=\"Demostrar la capacidad de las herramientas y los moldes de inyecci\u00f3n para conexiones, sensores e interruptores.\" role=\"img\" ><\/div>\n\t\t\t\t\t\t\t\t\t\t\t<div class=\"elementor-gallery-item__overlay\"><\/div>\n\t\t\t\t\t\t\t\t\t\t\t\t\t\t<\/a>\n\t\t\t\t\t<\/div>\n\t\t\t\t\t<\/div>\n\t\t\t\t\t<\/div>\n\t\t\t\t<\/div>\n\t\t\t\t<\/div>","protected":false},"excerpt":{"rendered":"<p>Injection Mold Tooling at our core At Preciseworks Plus, we specialize in crafting high-quality injection molded products that meet the exacting standards of our clients. Our commitment to excellence combines the latest technology with traditional techniques to deliver robust and cost-effective parts. Expertise &#8211; Focus on precision injection mould, such as connectors, switches, sensors; Include [&hellip;]<\/p>","protected":false},"author":1,"featured_media":0,"parent":25,"menu_order":0,"comment_status":"closed","ping_status":"closed","template":"","meta":{"om_disable_all_campaigns":false,"_monsterinsights_skip_tracking":false,"_monsterinsights_sitenote_active":false,"_monsterinsights_sitenote_note":"","_monsterinsights_sitenote_category":0,"footnotes":""},"class_list":["post-356","page","type-page","status-publish","hentry"],"aioseo_notices":[],"_hostinger_reach_plugin_has_subscription_block":false,"_hostinger_reach_plugin_is_elementor":false,"_links":{"self":[{"href":"https:\/\/preciseworksplus.com\/es\/wp-json\/wp\/v2\/pages\/356","targetHints":{"allow":["GET"]}}],"collection":[{"href":"https:\/\/preciseworksplus.com\/es\/wp-json\/wp\/v2\/pages"}],"about":[{"href":"https:\/\/preciseworksplus.com\/es\/wp-json\/wp\/v2\/types\/page"}],"author":[{"embeddable":true,"href":"https:\/\/preciseworksplus.com\/es\/wp-json\/wp\/v2\/users\/1"}],"replies":[{"embeddable":true,"href":"https:\/\/preciseworksplus.com\/es\/wp-json\/wp\/v2\/comments?post=356"}],"version-history":[{"count":28,"href":"https:\/\/preciseworksplus.com\/es\/wp-json\/wp\/v2\/pages\/356\/revisions"}],"predecessor-version":[{"id":505,"href":"https:\/\/preciseworksplus.com\/es\/wp-json\/wp\/v2\/pages\/356\/revisions\/505"}],"up":[{"embeddable":true,"href":"https:\/\/preciseworksplus.com\/es\/wp-json\/wp\/v2\/pages\/25"}],"wp:attachment":[{"href":"https:\/\/preciseworksplus.com\/es\/wp-json\/wp\/v2\/media?parent=356"}],"curies":[{"name":"wp","href":"https:\/\/api.w.org\/{rel}","templated":true}]}}