{"id":358,"date":"2025-11-20T01:54:52","date_gmt":"2025-11-20T01:54:52","guid":{"rendered":"https:\/\/preciseworksplus.com\/?page_id=358"},"modified":"2025-11-22T08:26:04","modified_gmt":"2025-11-22T08:26:04","slug":"produccion-de-moldeo-por-inyeccion","status":"publish","type":"page","link":"https:\/\/preciseworksplus.com\/es\/servicios-de-productos\/produccion-de-moldeo-por-inyeccion\/","title":{"rendered":"Producci\u00f3n por moldeo por inyecci\u00f3n"},"content":{"rendered":"<div data-elementor-type=\"wp-page\" data-elementor-id=\"358\" class=\"elementor elementor-358\" data-elementor-post-type=\"page\">\n\t\t\t\t<div class=\"elementor-element elementor-element-1e45237 e-flex e-con-boxed e-con e-parent\" data-id=\"1e45237\" data-element_type=\"container\" data-e-type=\"container\">\n\t\t\t\t\t<div class=\"e-con-inner\">\n\t\t<div class=\"elementor-element elementor-element-9776022 e-con-full e-flex e-con e-child\" data-id=\"9776022\" data-element_type=\"container\" data-e-type=\"container\">\n\t\t<div class=\"elementor-element elementor-element-c01ea4b e-con-full e-flex e-con e-child\" data-id=\"c01ea4b\" data-element_type=\"container\" data-e-type=\"container\">\n\t\t<div class=\"elementor-element elementor-element-bd5941d e-con-full e-flex e-con e-child\" data-id=\"bd5941d\" data-element_type=\"container\" data-e-type=\"container\">\n\t\t<div class=\"elementor-element elementor-element-4288d67 e-con-full e-flex e-con e-child\" data-id=\"4288d67\" data-element_type=\"container\" data-e-type=\"container\">\n\t\t\t\t<div class=\"elementor-element elementor-element-6bd5672 elementor-widget elementor-widget-heading\" data-id=\"6bd5672\" data-element_type=\"widget\" data-e-type=\"widget\" data-widget_type=\"heading.default\">\n\t\t\t\t\t<h5 class=\"elementor-heading-title elementor-size-default\">Moldeo por inyecci\u00f3n<\/h5>\t\t\t\t<\/div>\n\t\t\t\t<div class=\"elementor-element elementor-element-af88f30 elementor-widget elementor-widget-heading\" data-id=\"af88f30\" data-element_type=\"widget\" data-e-type=\"widget\" data-widget_type=\"heading.default\">\n\t\t\t\t\t<h2 class=\"elementor-heading-title elementor-size-default\">Precisi\u00f3n en cada paso<\/h2>\t\t\t\t<\/div>\n\t\t\t\t<div class=\"elementor-element elementor-element-3955b9f elementor-widget elementor-widget-image\" data-id=\"3955b9f\" data-element_type=\"widget\" data-e-type=\"widget\" data-widget_type=\"image.default\">\n\t\t\t\t\t\t\t\t\t\t\t\t\t\t\t<img fetchpriority=\"high\" decoding=\"async\" width=\"1536\" height=\"1135\" src=\"https:\/\/preciseworksplus.com\/wp-content\/uploads\/2025\/11\/injection-molding-1536x1135.webp\" class=\"attachment-1536x1536 size-1536x1536 wp-image-515\" alt=\"demostrar la capacidad de moldeo por inyecci\u00f3n\" srcset=\"https:\/\/preciseworksplus.com\/wp-content\/uploads\/2025\/11\/injection-molding-1536x1135.webp 1536w, https:\/\/preciseworksplus.com\/wp-content\/uploads\/2025\/11\/injection-molding-300x222.webp 300w, https:\/\/preciseworksplus.com\/wp-content\/uploads\/2025\/11\/injection-molding-1024x757.webp 1024w, https:\/\/preciseworksplus.com\/wp-content\/uploads\/2025\/11\/injection-molding-768x568.webp 768w, https:\/\/preciseworksplus.com\/wp-content\/uploads\/2025\/11\/injection-molding-scaled.webp 1920w\" sizes=\"(max-width: 1536px) 100vw, 1536px\" \/>\t\t\t\t\t\t\t\t\t\t\t\t\t\t\t<\/div>\n\t\t\t\t<\/div>\n\t\t<div class=\"elementor-element elementor-element-b5610a4 e-con-full e-flex e-con e-child\" data-id=\"b5610a4\" data-element_type=\"container\" data-e-type=\"container\">\n\t\t\t\t<div class=\"elementor-element elementor-element-a179725 elementor-widget elementor-widget-text-editor\" data-id=\"a179725\" data-element_type=\"widget\" data-e-type=\"widget\" data-widget_type=\"text-editor.default\">\n\t\t\t\t\t\t\t\t\t<p>En Precise Works Plus, la inyecci\u00f3n es m\u00e1s que una tarea; se trata de innovaci\u00f3n. Nos dedicamos a proporcionar soluciones de alto rendimiento a la medida, que exigen una precisi\u00f3n extrema, microtolerancias y geometr\u00edas complejas, para ayudar a clientes de talla mundial a superar los l\u00edmites de la innovaci\u00f3n.<\/p>\t\t\t\t\t\t\t\t<\/div>\n\t\t\t\t<div class=\"elementor-element elementor-element-1d9b9e1 elementor-icon-list--layout-traditional elementor-list-item-link-full_width elementor-widget elementor-widget-icon-list\" data-id=\"1d9b9e1\" data-element_type=\"widget\" data-e-type=\"widget\" data-widget_type=\"icon-list.default\">\n\t\t\t\t\t\t\t<ul class=\"elementor-icon-list-items\">\n\t\t\t\t\t\t\t<li class=\"elementor-icon-list-item\">\n\t\t\t\t\t\t\t\t\t\t\t<span class=\"elementor-icon-list-icon\">\n\t\t\t\t\t\t\t<svg aria-hidden=\"true\" class=\"e-font-icon-svg e-fas-circle\" viewbox=\"0 0 512 512\" xmlns=\"http:\/\/www.w3.org\/2000\/svg\"><path d=\"M256 8C119 8 8 119 8 256s111 248 248 248 248-111 248-248S393 8 256 8z\"><\/path><\/svg>\t\t\t\t\t\t<\/span>\n\t\t\t\t\t\t\t\t\t\t<span class=\"elementor-icon-list-text\">Garant\u00eda de calidad: cumplimos con los m\u00e1s altos est\u00e1ndares, con certificaci\u00f3n ISO9001 e IATF 16949.;<\/span>\n\t\t\t\t\t\t\t\t\t<\/li>\n\t\t\t\t\t\t\t\t<li class=\"elementor-icon-list-item\">\n\t\t\t\t\t\t\t\t\t\t\t<span class=\"elementor-icon-list-icon\">\n\t\t\t\t\t\t\t<svg aria-hidden=\"true\" class=\"e-font-icon-svg e-fas-circle\" viewbox=\"0 0 512 512\" xmlns=\"http:\/\/www.w3.org\/2000\/svg\"><path d=\"M256 8C119 8 8 119 8 256s111 248 248 248 248-111 248-248S393 8 256 8z\"><\/path><\/svg>\t\t\t\t\t\t<\/span>\n\t\t\t\t\t\t\t\t\t\t<span class=\"elementor-icon-list-text\">Experiencia: especializaci\u00f3n en piezas de moldeo por inyecci\u00f3n de precisi\u00f3n para conectores, interruptores y sensores.; <\/span>\n\t\t\t\t\t\t\t\t\t<\/li>\n\t\t\t\t\t\t\t\t<li class=\"elementor-icon-list-item\">\n\t\t\t\t\t\t\t\t\t\t\t<span class=\"elementor-icon-list-icon\">\n\t\t\t\t\t\t\t<svg aria-hidden=\"true\" class=\"e-font-icon-svg e-fas-circle\" viewbox=\"0 0 512 512\" xmlns=\"http:\/\/www.w3.org\/2000\/svg\"><path d=\"M256 8C119 8 8 119 8 256s111 248 248 248 248-111 248-248S393 8 256 8z\"><\/path><\/svg>\t\t\t\t\t\t<\/span>\n\t\t\t\t\t\t\t\t\t\t<span class=\"elementor-icon-list-text\">La uni\u00f3n de piezas estampadas al pl\u00e1stico es un reto y, al mismo tiempo, nuestra especialidad. Podemos proporcionar piezas compuestas de pl\u00e1stico y metal (moldeado por inserci\u00f3n\/sobremoldeado) para ayudar al cliente a reducir el n\u00famero de interfaces y contribuir a ofrecer ventajas en cuanto a calidad y costo. .<\/span>\n\t\t\t\t\t\t\t\t\t<\/li>\n\t\t\t\t\t\t\t\t<li class=\"elementor-icon-list-item\">\n\t\t\t\t\t\t\t\t\t\t\t<span class=\"elementor-icon-list-icon\">\n\t\t\t\t\t\t\t<svg aria-hidden=\"true\" class=\"e-font-icon-svg e-fas-circle\" viewbox=\"0 0 512 512\" xmlns=\"http:\/\/www.w3.org\/2000\/svg\"><path d=\"M256 8C119 8 8 119 8 256s111 248 248 248 248-111 248-248S393 8 256 8z\"><\/path><\/svg>\t\t\t\t\t\t<\/span>\n\t\t\t\t\t\t\t\t\t\t<span class=\"elementor-icon-list-text\">El equipamiento de alto nivel incluye 15 m\u00e1quinas de moldeo por inyecci\u00f3n con capacidades que van desde las 30 hasta las 200 toneladas.;<\/span>\n\t\t\t\t\t\t\t\t\t<\/li>\n\t\t\t\t\t\t<\/ul>\n\t\t\t\t\t\t<\/div>\n\t\t\t\t<\/div>\n\t\t\t\t<\/div>\n\t\t\t\t<\/div>\n\t\t\t\t<div class=\"elementor-element elementor-element-4b4fe5e elementor-widget elementor-widget-heading\" data-id=\"4b4fe5e\" data-element_type=\"widget\" data-e-type=\"widget\" data-widget_type=\"heading.default\">\n\t\t\t\t\t<h2 class=\"elementor-heading-title elementor-size-default\">Un vistazo a las piezas moldeadas por inyecci\u00f3n que fabricamos<\/h2>\t\t\t\t<\/div>\n\t\t\t\t<\/div>\n\t\t\t\t\t<\/div>\n\t\t\t\t<\/div>\n\t\t<div class=\"elementor-element elementor-element-bb3722d e-flex e-con-boxed e-con e-parent\" data-id=\"bb3722d\" data-element_type=\"container\" data-e-type=\"container\">\n\t\t\t\t\t<div class=\"e-con-inner\">\n\t\t\t\t<div class=\"elementor-element elementor-element-806ebd5 elementor-widget elementor-widget-gallery\" data-id=\"806ebd5\" data-element_type=\"widget\" data-e-type=\"widget\" data-settings=\"{&quot;columns&quot;:2,&quot;lazyload&quot;:&quot;yes&quot;,&quot;gallery_layout&quot;:&quot;grid&quot;,&quot;columns_tablet&quot;:2,&quot;columns_mobile&quot;:1,&quot;gap&quot;:{&quot;unit&quot;:&quot;px&quot;,&quot;size&quot;:10,&quot;sizes&quot;:[]},&quot;gap_tablet&quot;:{&quot;unit&quot;:&quot;px&quot;,&quot;size&quot;:10,&quot;sizes&quot;:[]},&quot;gap_mobile&quot;:{&quot;unit&quot;:&quot;px&quot;,&quot;size&quot;:10,&quot;sizes&quot;:[]},&quot;link_to&quot;:&quot;file&quot;,&quot;aspect_ratio&quot;:&quot;3:2&quot;,&quot;overlay_background&quot;:&quot;yes&quot;,&quot;content_hover_animation&quot;:&quot;fade-in&quot;}\" data-widget_type=\"gallery.default\">\n\t\t\t\t\t\t\t<div class=\"elementor-gallery__container\">\n\t\t\t\t\t\t\t<a class=\"e-gallery-item elementor-gallery-item elementor-animated-content\" href=\"https:\/\/preciseworksplus.com\/wp-content\/uploads\/2025\/11\/IMG_9032.webp\" data-elementor-open-lightbox=\"yes\" data-elementor-lightbox-slideshow=\"806ebd5\" data-elementor-lightbox-title=\"injection molding parts\" data-elementor-lightbox-description=\"injection molding parts\" data-e-action-hash=\"#elementor-action%3Aaction%3Dlightbox%26settings%3DeyJpZCI6NTIzLCJ1cmwiOiJodHRwczpcL1wvcHJlY2lzZXdvcmtzcGx1cy5jb21cL3dwLWNvbnRlbnRcL3VwbG9hZHNcLzIwMjVcLzExXC9JTUdfOTAzMi53ZWJwIiwic2xpZGVzaG93IjoiODA2ZWJkNSJ9\">\n\t\t\t\t\t<div class=\"e-gallery-image elementor-gallery-item__image\" data-thumbnail=\"https:\/\/preciseworksplus.com\/wp-content\/uploads\/2025\/11\/IMG_9032-1024x683.webp\" data-width=\"800\" data-height=\"534\" aria-label=\"demostrar la capacidad de moldeo por inyecci\u00f3n\" role=\"img\" ><\/div>\n\t\t\t\t\t\t\t\t\t\t\t<div class=\"elementor-gallery-item__overlay\"><\/div>\n\t\t\t\t\t\t\t\t\t\t\t\t\t\t<\/a>\n\t\t\t\t\t\t\t<a class=\"e-gallery-item elementor-gallery-item elementor-animated-content\" href=\"https:\/\/preciseworksplus.com\/wp-content\/uploads\/2025\/11\/IMG_9031-scaled.webp\" data-elementor-open-lightbox=\"yes\" data-elementor-lightbox-slideshow=\"806ebd5\" data-elementor-lightbox-title=\"injection molding parts\" data-elementor-lightbox-description=\"injection molding parts\" data-e-action-hash=\"#elementor-action%3Aaction%3Dlightbox%26settings%3DeyJpZCI6NTI0LCJ1cmwiOiJodHRwczpcL1wvcHJlY2lzZXdvcmtzcGx1cy5jb21cL3dwLWNvbnRlbnRcL3VwbG9hZHNcLzIwMjVcLzExXC9JTUdfOTAzMS1zY2FsZWQud2VicCIsInNsaWRlc2hvdyI6IjgwNmViZDUifQ%3D%3D\">\n\t\t\t\t\t<div class=\"e-gallery-image elementor-gallery-item__image\" data-thumbnail=\"https:\/\/preciseworksplus.com\/wp-content\/uploads\/2025\/11\/IMG_9031-1024x683.webp\" data-width=\"800\" data-height=\"534\" aria-label=\"demostrar la capacidad de moldeo por inyecci\u00f3n\" role=\"img\" ><\/div>\n\t\t\t\t\t\t\t\t\t\t\t<div class=\"elementor-gallery-item__overlay\"><\/div>\n\t\t\t\t\t\t\t\t\t\t\t\t\t\t<\/a>\n\t\t\t\t\t\t\t<a class=\"e-gallery-item elementor-gallery-item elementor-animated-content\" href=\"https:\/\/preciseworksplus.com\/wp-content\/uploads\/2025\/11\/6-scaled.webp\" data-elementor-open-lightbox=\"yes\" data-elementor-lightbox-slideshow=\"806ebd5\" data-elementor-lightbox-title=\"injection molding parts insert molding\" data-elementor-lightbox-description=\"injection molding parts insert molding\" data-e-action-hash=\"#elementor-action%3Aaction%3Dlightbox%26settings%3DeyJpZCI6Mjg0LCJ1cmwiOiJodHRwczpcL1wvcHJlY2lzZXdvcmtzcGx1cy5jb21cL3dwLWNvbnRlbnRcL3VwbG9hZHNcLzIwMjVcLzExXC82LXNjYWxlZC53ZWJwIiwic2xpZGVzaG93IjoiODA2ZWJkNSJ9\">\n\t\t\t\t\t<div class=\"e-gallery-image elementor-gallery-item__image\" data-thumbnail=\"https:\/\/preciseworksplus.com\/wp-content\/uploads\/2025\/11\/6-1024x576.webp\" data-width=\"800\" data-height=\"450\" aria-label=\"demostrar la capacidad de moldeo por inyecci\u00f3n\" role=\"img\" ><\/div>\n\t\t\t\t\t\t\t\t\t\t\t<div class=\"elementor-gallery-item__overlay\"><\/div>\n\t\t\t\t\t\t\t\t\t\t\t\t\t\t<\/a>\n\t\t\t\t\t\t\t<a class=\"e-gallery-item elementor-gallery-item elementor-animated-content\" href=\"https:\/\/preciseworksplus.com\/wp-content\/uploads\/2025\/11\/5-scaled.webp\" data-elementor-open-lightbox=\"yes\" data-elementor-lightbox-slideshow=\"806ebd5\" data-elementor-lightbox-title=\"injection molding parts insert molding\" data-elementor-lightbox-description=\"injection molding parts insert molding\" data-e-action-hash=\"#elementor-action%3Aaction%3Dlightbox%26settings%3DeyJpZCI6MjgzLCJ1cmwiOiJodHRwczpcL1wvcHJlY2lzZXdvcmtzcGx1cy5jb21cL3dwLWNvbnRlbnRcL3VwbG9hZHNcLzIwMjVcLzExXC81LXNjYWxlZC53ZWJwIiwic2xpZGVzaG93IjoiODA2ZWJkNSJ9\">\n\t\t\t\t\t<div class=\"e-gallery-image elementor-gallery-item__image\" data-thumbnail=\"https:\/\/preciseworksplus.com\/wp-content\/uploads\/2025\/11\/5-1024x576.webp\" data-width=\"800\" data-height=\"450\" aria-label=\"demostrar la capacidad de moldeo por inyecci\u00f3n\" role=\"img\" ><\/div>\n\t\t\t\t\t\t\t\t\t\t\t<div class=\"elementor-gallery-item__overlay\"><\/div>\n\t\t\t\t\t\t\t\t\t\t\t\t\t\t<\/a>\n\t\t\t\t\t\t\t<a class=\"e-gallery-item elementor-gallery-item elementor-animated-content\" href=\"https:\/\/preciseworksplus.com\/wp-content\/uploads\/2025\/11\/9-scaled.webp\" data-elementor-open-lightbox=\"yes\" data-elementor-lightbox-slideshow=\"806ebd5\" data-elementor-lightbox-title=\"injection molding parts\" data-elementor-lightbox-description=\"injection molding parts\" data-e-action-hash=\"#elementor-action%3Aaction%3Dlightbox%26settings%3DeyJpZCI6Mjg3LCJ1cmwiOiJodHRwczpcL1wvcHJlY2lzZXdvcmtzcGx1cy5jb21cL3dwLWNvbnRlbnRcL3VwbG9hZHNcLzIwMjVcLzExXC85LXNjYWxlZC53ZWJwIiwic2xpZGVzaG93IjoiODA2ZWJkNSJ9\">\n\t\t\t\t\t<div class=\"e-gallery-image elementor-gallery-item__image\" data-thumbnail=\"https:\/\/preciseworksplus.com\/wp-content\/uploads\/2025\/11\/9-1024x576.webp\" data-width=\"800\" data-height=\"450\" aria-label=\"demostrar la capacidad de moldeo por inyecci\u00f3n\" role=\"img\" ><\/div>\n\t\t\t\t\t\t\t\t\t\t\t<div class=\"elementor-gallery-item__overlay\"><\/div>\n\t\t\t\t\t\t\t\t\t\t\t\t\t\t<\/a>\n\t\t\t\t\t\t\t<a class=\"e-gallery-item elementor-gallery-item elementor-animated-content\" href=\"https:\/\/preciseworksplus.com\/wp-content\/uploads\/2025\/11\/35-scaled.webp\" data-elementor-open-lightbox=\"yes\" data-elementor-lightbox-slideshow=\"806ebd5\" data-elementor-lightbox-title=\"injection molding parts\" data-elementor-lightbox-description=\"injection molding parts\" data-e-action-hash=\"#elementor-action%3Aaction%3Dlightbox%26settings%3DeyJpZCI6MzA3LCJ1cmwiOiJodHRwczpcL1wvcHJlY2lzZXdvcmtzcGx1cy5jb21cL3dwLWNvbnRlbnRcL3VwbG9hZHNcLzIwMjVcLzExXC8zNS1zY2FsZWQud2VicCIsInNsaWRlc2hvdyI6IjgwNmViZDUifQ%3D%3D\">\n\t\t\t\t\t<div class=\"e-gallery-image elementor-gallery-item__image\" data-thumbnail=\"https:\/\/preciseworksplus.com\/wp-content\/uploads\/2025\/11\/35-1024x576.webp\" data-width=\"800\" data-height=\"450\" aria-label=\"demostrar la capacidad de moldeo por inyecci\u00f3n\" role=\"img\" ><\/div>\n\t\t\t\t\t\t\t\t\t\t\t<div class=\"elementor-gallery-item__overlay\"><\/div>\n\t\t\t\t\t\t\t\t\t\t\t\t\t\t<\/a>\n\t\t\t\t\t\t\t<a class=\"e-gallery-item elementor-gallery-item elementor-animated-content\" href=\"https:\/\/preciseworksplus.com\/wp-content\/uploads\/2025\/11\/11-scaled.webp\" data-elementor-open-lightbox=\"yes\" data-elementor-lightbox-slideshow=\"806ebd5\" data-elementor-lightbox-title=\"injection molding parts\" data-elementor-lightbox-description=\"injection molding parts\" data-e-action-hash=\"#elementor-action%3Aaction%3Dlightbox%26settings%3DeyJpZCI6Mjg5LCJ1cmwiOiJodHRwczpcL1wvcHJlY2lzZXdvcmtzcGx1cy5jb21cL3dwLWNvbnRlbnRcL3VwbG9hZHNcLzIwMjVcLzExXC8xMS1zY2FsZWQud2VicCIsInNsaWRlc2hvdyI6IjgwNmViZDUifQ%3D%3D\">\n\t\t\t\t\t<div class=\"e-gallery-image elementor-gallery-item__image\" data-thumbnail=\"https:\/\/preciseworksplus.com\/wp-content\/uploads\/2025\/11\/11-1024x576.webp\" data-width=\"800\" data-height=\"450\" aria-label=\"demostrar la capacidad de moldeo por inyecci\u00f3n\" role=\"img\" ><\/div>\n\t\t\t\t\t\t\t\t\t\t\t<div class=\"elementor-gallery-item__overlay\"><\/div>\n\t\t\t\t\t\t\t\t\t\t\t\t\t\t<\/a>\n\t\t\t\t\t\t\t<a class=\"e-gallery-item elementor-gallery-item elementor-animated-content\" href=\"https:\/\/preciseworksplus.com\/wp-content\/uploads\/2025\/11\/12-scaled.webp\" data-elementor-open-lightbox=\"yes\" data-elementor-lightbox-slideshow=\"806ebd5\" data-elementor-lightbox-title=\"injection molding parts\" data-elementor-lightbox-description=\"injection molding parts\" data-e-action-hash=\"#elementor-action%3Aaction%3Dlightbox%26settings%3DeyJpZCI6MjkwLCJ1cmwiOiJodHRwczpcL1wvcHJlY2lzZXdvcmtzcGx1cy5jb21cL3dwLWNvbnRlbnRcL3VwbG9hZHNcLzIwMjVcLzExXC8xMi1zY2FsZWQud2VicCIsInNsaWRlc2hvdyI6IjgwNmViZDUifQ%3D%3D\">\n\t\t\t\t\t<div class=\"e-gallery-image elementor-gallery-item__image\" data-thumbnail=\"https:\/\/preciseworksplus.com\/wp-content\/uploads\/2025\/11\/12-1024x576.webp\" data-width=\"800\" data-height=\"450\" aria-label=\"demostrar la capacidad de moldeo por inyecci\u00f3n\" role=\"img\" ><\/div>\n\t\t\t\t\t\t\t\t\t\t\t<div class=\"elementor-gallery-item__overlay\"><\/div>\n\t\t\t\t\t\t\t\t\t\t\t\t\t\t<\/a>\n\t\t\t\t\t<\/div>\n\t\t\t\t\t<\/div>\n\t\t\t\t\t<\/div>\n\t\t\t\t<\/div>\n\t\t\t\t<\/div>","protected":false},"excerpt":{"rendered":"<p>Injection molding Precision at Every Step At Precise Works Plus, injection is more than a task; it\u2019s about innovation. We are dedicated to providing tailor-made high-performance solutions, which demand extreme precision, micro tolerances, have complex geometries, to help world-class customers push the boundaries of innovation. Quality Assurance &#8211; We uphold the highest standards, ISO9001 &amp;IATF [&hellip;]<\/p>","protected":false},"author":1,"featured_media":0,"parent":25,"menu_order":0,"comment_status":"closed","ping_status":"closed","template":"","meta":{"om_disable_all_campaigns":false,"_monsterinsights_skip_tracking":false,"_monsterinsights_sitenote_active":false,"_monsterinsights_sitenote_note":"","_monsterinsights_sitenote_category":0,"footnotes":""},"class_list":["post-358","page","type-page","status-publish","hentry"],"aioseo_notices":[],"_hostinger_reach_plugin_has_subscription_block":false,"_hostinger_reach_plugin_is_elementor":false,"_links":{"self":[{"href":"https:\/\/preciseworksplus.com\/es\/wp-json\/wp\/v2\/pages\/358","targetHints":{"allow":["GET"]}}],"collection":[{"href":"https:\/\/preciseworksplus.com\/es\/wp-json\/wp\/v2\/pages"}],"about":[{"href":"https:\/\/preciseworksplus.com\/es\/wp-json\/wp\/v2\/types\/page"}],"author":[{"embeddable":true,"href":"https:\/\/preciseworksplus.com\/es\/wp-json\/wp\/v2\/users\/1"}],"replies":[{"embeddable":true,"href":"https:\/\/preciseworksplus.com\/es\/wp-json\/wp\/v2\/comments?post=358"}],"version-history":[{"count":13,"href":"https:\/\/preciseworksplus.com\/es\/wp-json\/wp\/v2\/pages\/358\/revisions"}],"predecessor-version":[{"id":527,"href":"https:\/\/preciseworksplus.com\/es\/wp-json\/wp\/v2\/pages\/358\/revisions\/527"}],"up":[{"embeddable":true,"href":"https:\/\/preciseworksplus.com\/es\/wp-json\/wp\/v2\/pages\/25"}],"wp:attachment":[{"href":"https:\/\/preciseworksplus.com\/es\/wp-json\/wp\/v2\/media?parent=358"}],"curies":[{"name":"wp","href":"https:\/\/api.w.org\/{rel}","templated":true}]}}