{"id":362,"date":"2025-11-20T01:56:09","date_gmt":"2025-11-20T01:56:09","guid":{"rendered":"https:\/\/preciseworksplus.com\/?page_id=362"},"modified":"2026-04-01T11:05:45","modified_gmt":"2026-04-01T11:05:45","slug":"piezas-mecanizadas-con-cnc","status":"publish","type":"page","link":"https:\/\/preciseworksplus.com\/es\/servicios-de-productos\/piezas-mecanizadas-con-cnc\/","title":{"rendered":"Piezas mecanizadas con CNC"},"content":{"rendered":"<div data-elementor-type=\"wp-page\" data-elementor-id=\"362\" class=\"elementor elementor-362\" data-elementor-post-type=\"page\">\n\t\t\t\t<div class=\"elementor-element elementor-element-b933875 e-flex e-con-boxed e-con e-parent\" data-id=\"b933875\" data-element_type=\"container\" data-e-type=\"container\">\n\t\t\t\t\t<div class=\"e-con-inner\">\n\t\t<div class=\"elementor-element elementor-element-341c68f e-con-full e-flex e-con e-child\" data-id=\"341c68f\" data-element_type=\"container\" data-e-type=\"container\">\n\t\t<div class=\"elementor-element elementor-element-36a6ebe e-con-full e-flex e-con e-child\" data-id=\"36a6ebe\" data-element_type=\"container\" data-e-type=\"container\">\n\t\t<div class=\"elementor-element elementor-element-6809a6d e-con-full e-flex e-con e-child\" data-id=\"6809a6d\" data-element_type=\"container\" data-e-type=\"container\">\n\t\t\t\t<div class=\"elementor-element elementor-element-9ea545c elementor-widget elementor-widget-heading\" data-id=\"9ea545c\" data-element_type=\"widget\" data-e-type=\"widget\" data-widget_type=\"heading.default\">\n\t\t\t\t\t<h5 class=\"elementor-heading-title elementor-size-default\">Piezas de mecanizado CNC<\/h5>\t\t\t\t<\/div>\n\t\t\t\t<div class=\"elementor-element elementor-element-a00b091 elementor-widget elementor-widget-heading\" data-id=\"a00b091\" data-element_type=\"widget\" data-e-type=\"widget\" data-widget_type=\"heading.default\">\n\t\t\t\t\t<h2 class=\"elementor-heading-title elementor-size-default\">Preciso y exacto<\/h2>\t\t\t\t<\/div>\n\t\t\t\t<div class=\"elementor-element elementor-element-fb03e18 elementor-widget elementor-widget-image\" data-id=\"fb03e18\" data-element_type=\"widget\" data-e-type=\"widget\" data-widget_type=\"image.default\">\n\t\t\t\t\t\t\t\t\t\t\t\t\t\t\t<img fetchpriority=\"high\" decoding=\"async\" width=\"800\" height=\"450\" src=\"https:\/\/preciseworksplus.com\/wp-content\/uploads\/2025\/11\/3-1-1024x576.webp\" class=\"attachment-large size-large wp-image-281\" alt=\"\" srcset=\"https:\/\/preciseworksplus.com\/wp-content\/uploads\/2025\/11\/3-1-1024x576.webp 1024w, https:\/\/preciseworksplus.com\/wp-content\/uploads\/2025\/11\/3-1-300x169.webp 300w, https:\/\/preciseworksplus.com\/wp-content\/uploads\/2025\/11\/3-1-768x432.webp 768w, https:\/\/preciseworksplus.com\/wp-content\/uploads\/2025\/11\/3-1-1536x864.webp 1536w, https:\/\/preciseworksplus.com\/wp-content\/uploads\/2025\/11\/3-1-scaled.webp 1920w\" sizes=\"(max-width: 800px) 100vw, 800px\" \/>\t\t\t\t\t\t\t\t\t\t\t\t\t\t\t<\/div>\n\t\t\t\t<\/div>\n\t\t<div class=\"elementor-element elementor-element-6a7c4c6 e-con-full e-flex e-con e-child\" data-id=\"6a7c4c6\" data-element_type=\"container\" data-e-type=\"container\">\n\t\t\t\t<div class=\"elementor-element elementor-element-deb5449 elementor-widget elementor-widget-text-editor\" data-id=\"deb5449\" data-element_type=\"widget\" data-e-type=\"widget\" data-widget_type=\"text-editor.default\">\n\t\t\t\t\t\t\t\t\t<p>En Precise Works Plus, creamos piezas mecanizadas con CNC de primera calidad dise\u00f1adas para satisfacer sus necesidades espec\u00edficas. Nuestra tecnolog\u00eda avanzada y nuestro equipo de expertos garantizan que cada pieza se fabrique seg\u00fan los est\u00e1ndares m\u00e1s exigentes.<\/p>\t\t\t\t\t\t\t\t<\/div>\n\t\t\t\t<div class=\"elementor-element elementor-element-2c5ff93 elementor-icon-list--layout-traditional elementor-list-item-link-full_width elementor-widget elementor-widget-icon-list\" data-id=\"2c5ff93\" data-element_type=\"widget\" data-e-type=\"widget\" data-widget_type=\"icon-list.default\">\n\t\t\t\t\t\t\t<ul class=\"elementor-icon-list-items\">\n\t\t\t\t\t\t\t<li class=\"elementor-icon-list-item\">\n\t\t\t\t\t\t\t\t\t\t\t<span class=\"elementor-icon-list-icon\">\n\t\t\t\t\t\t\t<svg aria-hidden=\"true\" class=\"e-font-icon-svg e-fas-circle\" viewbox=\"0 0 512 512\" xmlns=\"http:\/\/www.w3.org\/2000\/svg\"><path d=\"M256 8C119 8 8 119 8 256s111 248 248 248 248-111 248-248S393 8 256 8z\"><\/path><\/svg>\t\t\t\t\t\t<\/span>\n\t\t\t\t\t\t\t\t\t\t<span class=\"elementor-icon-list-text\">Experiencia: especializado en piezas fresadas CNC personalizadas, piezas torneadas, piezas de automatizaci\u00f3n, plantillas, accesorios y muestras de prototipos.;<\/span>\n\t\t\t\t\t\t\t\t\t<\/li>\n\t\t\t\t\t\t\t\t<li class=\"elementor-icon-list-item\">\n\t\t\t\t\t\t\t\t\t\t\t<span class=\"elementor-icon-list-icon\">\n\t\t\t\t\t\t\t<svg aria-hidden=\"true\" class=\"e-font-icon-svg e-fas-circle\" viewbox=\"0 0 512 512\" xmlns=\"http:\/\/www.w3.org\/2000\/svg\"><path d=\"M256 8C119 8 8 119 8 256s111 248 248 248 248-111 248-248S393 8 256 8z\"><\/path><\/svg>\t\t\t\t\t\t<\/span>\n\t\t\t\t\t\t\t\t\t\t<span class=\"elementor-icon-list-text\">Materias primas: amplia experiencia en aluminio, acero, cobre, lat\u00f3n, titanio, zinc y pl\u00e1sticos.;<\/span>\n\t\t\t\t\t\t\t\t\t<\/li>\n\t\t\t\t\t\t\t\t<li class=\"elementor-icon-list-item\">\n\t\t\t\t\t\t\t\t\t\t\t<span class=\"elementor-icon-list-icon\">\n\t\t\t\t\t\t\t<svg aria-hidden=\"true\" class=\"e-font-icon-svg e-fas-circle\" viewbox=\"0 0 512 512\" xmlns=\"http:\/\/www.w3.org\/2000\/svg\"><path d=\"M256 8C119 8 8 119 8 256s111 248 248 248 248-111 248-248S393 8 256 8z\"><\/path><\/svg>\t\t\t\t\t\t<\/span>\n\t\t\t\t\t\t\t\t\t\t<span class=\"elementor-icon-list-text\">Surface treatment - Capable of Galvanizing,Anodizing,Chrome plating,Electroplating,Powder coating,Sandblasting,Mirror polishing, Etching;<\/span>\n\t\t\t\t\t\t\t\t\t<\/li>\n\t\t\t\t\t\t\t\t<li class=\"elementor-icon-list-item\">\n\t\t\t\t\t\t\t\t\t\t\t<span class=\"elementor-icon-list-icon\">\n\t\t\t\t\t\t\t<svg aria-hidden=\"true\" class=\"e-font-icon-svg e-fas-circle\" viewbox=\"0 0 512 512\" xmlns=\"http:\/\/www.w3.org\/2000\/svg\"><path d=\"M256 8C119 8 8 119 8 256s111 248 248 248 248-111 248-248S393 8 256 8z\"><\/path><\/svg>\t\t\t\t\t\t<\/span>\n\t\t\t\t\t\t\t\t\t\t<span class=\"elementor-icon-list-text\">Cantidad flexible, desde una sola unidad hasta grandes vol\u00famenes.;<\/span>\n\t\t\t\t\t\t\t\t\t<\/li>\n\t\t\t\t\t\t\t\t<li class=\"elementor-icon-list-item\">\n\t\t\t\t\t\t\t\t\t\t\t<span class=\"elementor-icon-list-icon\">\n\t\t\t\t\t\t\t<svg aria-hidden=\"true\" class=\"e-font-icon-svg e-fas-circle\" viewbox=\"0 0 512 512\" xmlns=\"http:\/\/www.w3.org\/2000\/svg\"><path d=\"M256 8C119 8 8 119 8 256s111 248 248 248 248-111 248-248S393 8 256 8z\"><\/path><\/svg>\t\t\t\t\t\t<\/span>\n\t\t\t\t\t\t\t\t\t\t<span class=\"elementor-icon-list-text\">Dedicated production lines for machined pins (also known as round pins, turning pins) for <span>high-reliability electrical connector, Very competitive price and high quality;<\/span><\/span>\n\t\t\t\t\t\t\t\t\t<\/li>\n\t\t\t\t\t\t<\/ul>\n\t\t\t\t\t\t<\/div>\n\t\t\t\t<\/div>\n\t\t\t\t<\/div>\n\t\t\t\t<\/div>\n\t\t\t\t\t<\/div>\n\t\t\t\t<\/div>\n\t\t<div class=\"elementor-element elementor-element-2064c0a e-flex e-con-boxed e-con e-parent\" data-id=\"2064c0a\" data-element_type=\"container\" data-e-type=\"container\">\n\t\t\t\t\t<div class=\"e-con-inner\">\n\t\t<div class=\"elementor-element elementor-element-b10821a e-con-full e-flex e-con e-child\" data-id=\"b10821a\" data-element_type=\"container\" data-e-type=\"container\">\n\t\t\t\t<div class=\"elementor-element elementor-element-6cda820 elementor-widget elementor-widget-heading\" data-id=\"6cda820\" data-element_type=\"widget\" data-e-type=\"widget\" data-widget_type=\"heading.default\">\n\t\t\t\t\t<h2 class=\"elementor-heading-title elementor-size-default\">Un vistazo a las piezas de mecanizado CNC que hemos fabricado.<\/h2>\t\t\t\t<\/div>\n\t\t\t\t<div class=\"elementor-element elementor-element-1e7a7d8 elementor-widget elementor-widget-gallery\" data-id=\"1e7a7d8\" data-element_type=\"widget\" data-e-type=\"widget\" data-settings=\"{&quot;columns&quot;:2,&quot;lazyload&quot;:&quot;yes&quot;,&quot;gallery_layout&quot;:&quot;grid&quot;,&quot;columns_tablet&quot;:2,&quot;columns_mobile&quot;:1,&quot;gap&quot;:{&quot;unit&quot;:&quot;px&quot;,&quot;size&quot;:10,&quot;sizes&quot;:[]},&quot;gap_tablet&quot;:{&quot;unit&quot;:&quot;px&quot;,&quot;size&quot;:10,&quot;sizes&quot;:[]},&quot;gap_mobile&quot;:{&quot;unit&quot;:&quot;px&quot;,&quot;size&quot;:10,&quot;sizes&quot;:[]},&quot;link_to&quot;:&quot;file&quot;,&quot;aspect_ratio&quot;:&quot;3:2&quot;,&quot;content_hover_animation&quot;:&quot;fade-in&quot;}\" data-widget_type=\"gallery.default\">\n\t\t\t\t\t\t\t<div class=\"elementor-gallery__container\">\n\t\t\t\t\t\t\t<a class=\"e-gallery-item elementor-gallery-item elementor-animated-content\" href=\"https:\/\/preciseworksplus.com\/wp-content\/uploads\/2026\/04\/\u5fae\u4fe1\u56fe\u7247_20260330154719_376_56-scaled.jpg\" data-elementor-open-lightbox=\"no\">\n\t\t\t\t\t<div class=\"e-gallery-image elementor-gallery-item__image\" data-thumbnail=\"https:\/\/preciseworksplus.com\/wp-content\/uploads\/2026\/04\/\u5fae\u4fe1\u56fe\u7247_20260330154719_376_56-1024x768.jpg\" data-width=\"800\" data-height=\"600\" aria-label=\"Turning pins\" role=\"img\" ><\/div>\n\t\t\t\t\t\t\t\t\t\t\t\t\t\t<\/a>\n\t\t\t\t\t\t\t<a class=\"e-gallery-item elementor-gallery-item elementor-animated-content\" href=\"https:\/\/preciseworksplus.com\/wp-content\/uploads\/2026\/04\/\u5fae\u4fe1\u56fe\u7247_20260330154717_373_56-scaled.jpg\" data-elementor-open-lightbox=\"no\">\n\t\t\t\t\t<div class=\"e-gallery-image elementor-gallery-item__image\" data-thumbnail=\"https:\/\/preciseworksplus.com\/wp-content\/uploads\/2026\/04\/\u5fae\u4fe1\u56fe\u7247_20260330154717_373_56-1024x768.jpg\" data-width=\"800\" data-height=\"600\" aria-label=\"Machine pins\" role=\"img\" ><\/div>\n\t\t\t\t\t\t\t\t\t\t\t\t\t\t<\/a>\n\t\t\t\t\t\t\t<a class=\"e-gallery-item elementor-gallery-item elementor-animated-content\" href=\"https:\/\/preciseworksplus.com\/wp-content\/uploads\/2026\/04\/\u5fae\u4fe1\u56fe\u7247_20260330155531_383_56-scaled.jpg\" data-elementor-open-lightbox=\"no\">\n\t\t\t\t\t<div class=\"e-gallery-image elementor-gallery-item__image\" data-thumbnail=\"https:\/\/preciseworksplus.com\/wp-content\/uploads\/2026\/04\/\u5fae\u4fe1\u56fe\u7247_20260330155531_383_56-1024x768.jpg\" data-width=\"800\" data-height=\"600\" aria-label=\"Turning pins\" role=\"img\" ><\/div>\n\t\t\t\t\t\t\t\t\t\t\t\t\t\t<\/a>\n\t\t\t\t\t\t\t<a class=\"e-gallery-item elementor-gallery-item elementor-animated-content\" href=\"https:\/\/preciseworksplus.com\/wp-content\/uploads\/2026\/04\/\u5fae\u4fe1\u56fe\u7247_20260330154704_364_56-scaled.jpg\" data-elementor-open-lightbox=\"no\">\n\t\t\t\t\t<div class=\"e-gallery-image elementor-gallery-item__image\" data-thumbnail=\"https:\/\/preciseworksplus.com\/wp-content\/uploads\/2026\/04\/\u5fae\u4fe1\u56fe\u7247_20260330154704_364_56-1024x768.jpg\" data-width=\"800\" data-height=\"600\" aria-label=\"Turning pins male\/female\" role=\"img\" ><\/div>\n\t\t\t\t\t\t\t\t\t\t\t\t\t\t<\/a>\n\t\t\t\t\t\t\t<a class=\"e-gallery-item elementor-gallery-item elementor-animated-content\" href=\"https:\/\/preciseworksplus.com\/wp-content\/uploads\/2025\/11\/millingturning-combination.webp\" data-elementor-open-lightbox=\"no\">\n\t\t\t\t\t<div class=\"e-gallery-image elementor-gallery-item__image\" data-thumbnail=\"https:\/\/preciseworksplus.com\/wp-content\/uploads\/2025\/11\/millingturning-combination.webp\" data-width=\"768\" data-height=\"768\" aria-label=\"demostrar la capacidad de mecanizado CNC\" role=\"img\" ><\/div>\n\t\t\t\t\t\t\t\t\t\t\t\t\t\t<\/a>\n\t\t\t\t\t\t\t<a class=\"e-gallery-item elementor-gallery-item elementor-animated-content\" href=\"https:\/\/preciseworksplus.com\/wp-content\/uploads\/2025\/11\/202406031101HC74C3811C115_765.webp\" data-elementor-open-lightbox=\"no\">\n\t\t\t\t\t<div class=\"e-gallery-image elementor-gallery-item__image\" data-thumbnail=\"https:\/\/preciseworksplus.com\/wp-content\/uploads\/2025\/11\/202406031101HC74C3811C115_765.webp\" data-width=\"765\" data-height=\"765\" aria-label=\"demostrar la capacidad de mecanizado CNC\" role=\"img\" ><\/div>\n\t\t\t\t\t\t\t\t\t\t\t\t\t\t<\/a>\n\t\t\t\t\t\t\t<a class=\"e-gallery-item elementor-gallery-item elementor-animated-content\" href=\"https:\/\/preciseworksplus.com\/wp-content\/uploads\/2025\/11\/202406031104H92A5130843A3_765.webp\" data-elementor-open-lightbox=\"no\">\n\t\t\t\t\t<div class=\"e-gallery-image elementor-gallery-item__image\" data-thumbnail=\"https:\/\/preciseworksplus.com\/wp-content\/uploads\/2025\/11\/202406031104H92A5130843A3_765.webp\" data-width=\"765\" data-height=\"765\" aria-label=\"demostrar la capacidad de mecanizado CNC\" role=\"img\" ><\/div>\n\t\t\t\t\t\t\t\t\t\t\t\t\t\t<\/a>\n\t\t\t\t\t\t\t<a class=\"e-gallery-item elementor-gallery-item elementor-animated-content\" href=\"https:\/\/preciseworksplus.com\/wp-content\/uploads\/2025\/11\/202406042845H80386B77AB63_765.webp\" data-elementor-open-lightbox=\"no\">\n\t\t\t\t\t<div class=\"e-gallery-image elementor-gallery-item__image\" data-thumbnail=\"https:\/\/preciseworksplus.com\/wp-content\/uploads\/2025\/11\/202406042845H80386B77AB63_765.webp\" data-width=\"768\" data-height=\"768\" aria-label=\"demostrar la capacidad de mecanizado CNC\" role=\"img\" ><\/div>\n\t\t\t\t\t\t\t\t\t\t\t\t\t\t<\/a>\n\t\t\t\t\t\t\t<a class=\"e-gallery-item elementor-gallery-item elementor-animated-content\" href=\"https:\/\/preciseworksplus.com\/wp-content\/uploads\/2025\/11\/202406042857H1B2E622262B1_765.webp\" data-elementor-open-lightbox=\"no\">\n\t\t\t\t\t<div class=\"e-gallery-image elementor-gallery-item__image\" data-thumbnail=\"https:\/\/preciseworksplus.com\/wp-content\/uploads\/2025\/11\/202406042857H1B2E622262B1_765.webp\" data-width=\"768\" data-height=\"768\" aria-label=\"demostrar la capacidad de mecanizado CNC\" role=\"img\" ><\/div>\n\t\t\t\t\t\t\t\t\t\t\t\t\t\t<\/a>\n\t\t\t\t\t\t\t<a class=\"e-gallery-item elementor-gallery-item elementor-animated-content\" href=\"https:\/\/preciseworksplus.com\/wp-content\/uploads\/2025\/11\/202406042859HAAAACCBC975A_765.webp\" data-elementor-open-lightbox=\"no\">\n\t\t\t\t\t<div class=\"e-gallery-image elementor-gallery-item__image\" data-thumbnail=\"https:\/\/preciseworksplus.com\/wp-content\/uploads\/2025\/11\/202406042859HAAAACCBC975A_765.webp\" data-width=\"768\" data-height=\"768\" aria-label=\"demostrar la capacidad de mecanizado CNC\" role=\"img\" ><\/div>\n\t\t\t\t\t\t\t\t\t\t\t\t\t\t<\/a>\n\t\t\t\t\t\t\t<a class=\"e-gallery-item elementor-gallery-item elementor-animated-content\" href=\"https:\/\/preciseworksplus.com\/wp-content\/uploads\/2025\/11\/202408140810H082B97477D85.webp\" data-elementor-open-lightbox=\"no\">\n\t\t\t\t\t<div class=\"e-gallery-image elementor-gallery-item__image\" data-thumbnail=\"https:\/\/preciseworksplus.com\/wp-content\/uploads\/2025\/11\/202408140810H082B97477D85.webp\" data-width=\"756\" data-height=\"756\" aria-label=\"demostrar la capacidad de mecanizado CNC\" role=\"img\" ><\/div>\n\t\t\t\t\t\t\t\t\t\t\t\t\t\t<\/a>\n\t\t\t\t\t\t\t<a class=\"e-gallery-item elementor-gallery-item elementor-animated-content\" href=\"https:\/\/preciseworksplus.com\/wp-content\/uploads\/2025\/11\/4-1-scaled.webp\" data-elementor-open-lightbox=\"no\">\n\t\t\t\t\t<div class=\"e-gallery-image elementor-gallery-item__image\" data-thumbnail=\"https:\/\/preciseworksplus.com\/wp-content\/uploads\/2025\/11\/4-1-1024x576.webp\" data-width=\"800\" data-height=\"450\" aria-label=\"demostrar la capacidad de mecanizado CNC\" role=\"img\" ><\/div>\n\t\t\t\t\t\t\t\t\t\t\t\t\t\t<\/a>\n\t\t\t\t\t<\/div>\n\t\t\t\t\t<\/div>\n\t\t\t\t<\/div>\n\t\t\t\t\t<\/div>\n\t\t\t\t<\/div>\n\t\t\t\t<\/div>","protected":false},"excerpt":{"rendered":"<p>CNC Machining Parts Precise and Accurate At Precise Works Plus, we create top-notch CNC machined parts designed to meet your specific needs. Our advanced technology and skilled team ensure every piece is made to exacting standards. Expertise &#8211; Specializes in customized CNC milling parts, turning parts, automation parts, jigs, fixture and prototype samples; Raw material [&hellip;]<\/p>","protected":false},"author":1,"featured_media":0,"parent":25,"menu_order":0,"comment_status":"closed","ping_status":"closed","template":"","meta":{"om_disable_all_campaigns":false,"_monsterinsights_skip_tracking":false,"_monsterinsights_sitenote_active":false,"_monsterinsights_sitenote_note":"","_monsterinsights_sitenote_category":0,"footnotes":""},"class_list":["post-362","page","type-page","status-publish","hentry"],"aioseo_notices":[],"_hostinger_reach_plugin_has_subscription_block":false,"_hostinger_reach_plugin_is_elementor":false,"_links":{"self":[{"href":"https:\/\/preciseworksplus.com\/es\/wp-json\/wp\/v2\/pages\/362","targetHints":{"allow":["GET"]}}],"collection":[{"href":"https:\/\/preciseworksplus.com\/es\/wp-json\/wp\/v2\/pages"}],"about":[{"href":"https:\/\/preciseworksplus.com\/es\/wp-json\/wp\/v2\/types\/page"}],"author":[{"embeddable":true,"href":"https:\/\/preciseworksplus.com\/es\/wp-json\/wp\/v2\/users\/1"}],"replies":[{"embeddable":true,"href":"https:\/\/preciseworksplus.com\/es\/wp-json\/wp\/v2\/comments?post=362"}],"version-history":[{"count":22,"href":"https:\/\/preciseworksplus.com\/es\/wp-json\/wp\/v2\/pages\/362\/revisions"}],"predecessor-version":[{"id":1058,"href":"https:\/\/preciseworksplus.com\/es\/wp-json\/wp\/v2\/pages\/362\/revisions\/1058"}],"up":[{"embeddable":true,"href":"https:\/\/preciseworksplus.com\/es\/wp-json\/wp\/v2\/pages\/25"}],"wp:attachment":[{"href":"https:\/\/preciseworksplus.com\/es\/wp-json\/wp\/v2\/media?parent=362"}],"curies":[{"name":"wp","href":"https:\/\/api.w.org\/{rel}","templated":true}]}}